{"id":320,"date":"2024-09-02T11:04:15","date_gmt":"2024-09-02T10:04:15","guid":{"rendered":"https:\/\/it.nutri4fit.com\/myhlife\/?page_id=320"},"modified":"2026-01-30T10:07:44","modified_gmt":"2026-01-30T09:07:44","slug":"lavora-con-noi","status":"publish","type":"page","link":"https:\/\/it.nutri4fit.com\/myhlife\/lavora-con-noi\/","title":{"rendered":"Lavora con noi"},"content":{"rendered":"\n<hr class=\"wp-block-separator has-text-color has-ast-global-color-0-color has-alpha-channel-opacity has-ast-global-color-0-background-color has-background is-style-wide\"\/>\n\n\n\n<h3 class=\"wp-block-heading\" style=\"font-size:50px\">Lavora con noi<\/h3>\n\n\n\n<p>Lo scopo di entrare in questo business dipende dagli obiettivi individuali di ciascuna persona. Una delle ragioni per cui molte persone fanno gi\u00e0 parte di questo progetto \u00e8 per godere dell&#8217;acquisto di prodotti di alta qualit\u00e0, sia in nutrizione che in cura personale, con sconti permanenti, senza obblighi o impegni aggiuntivi. Inoltre, c&#8217;\u00e8 l&#8217;opportunit\u00e0 di promuovere e vendere questi prodotti, tutti realizzati con formule basate su ingredienti naturali.<\/p>\n\n\n\n<p>Il piano aziendale offre diverse modalit\u00e0 per generare reddito. La vendita diretta consente di ottenere guadagni immediati commercializzando i prodotti direttamente al cliente. Esiste anche la vendita indiretta, dove puoi guadagnare commissioni sulle vendite effettuate da altre persone che hai introdotto nel business. Inoltre, \u00e8 possibile generare rendimenti o guadagni passivi a lungo termine man mano che la tua rete di distribuzione cresce ed si espande. Infine, i distributori hanno la possibilit\u00e0 di accedere a bonus aggiuntivi, che riconoscono e premiano le prestazioni e la crescita all&#8217;interno del business.<\/p>\n\n\n\n<p>Negli ultimi anni, molte persone sono riuscite a cambiare la loro vita grazie a questo modello di business flessibile. Quello che inizia come un&#8217;esperienza da cliente, in molti casi, finisce per diventare una fonte significativa di reddito. \u00c8 un&#8217;attivit\u00e0 che ti permette di lavorare senza la pressione di capi o la rigidit\u00e0 di orari fissi, adattandosi completamente alle tue necessit\u00e0. Alcuni decidono di dedicarsi a tempo pieno, generando redditi pari o superiori a uno stipendio tradizionale, mentre altri scelgono di farlo a tempo parziale. Non \u00e8 richiesta esperienza o formazione precedente, poich\u00e9 avrai il supporto di un team che ti fornir\u00e0 tutti gli strumenti necessari per crescere. Non c&#8217;\u00e8 obbligo di acquisti mensili minimi.<\/p>\n\n\n\n<p>Uno dei maggiori vantaggi di questo business \u00e8 la possibilit\u00e0 di lavorare a livello globale in pi\u00f9 di 94 paesi, tutto in modalit\u00e0 completamente online. Ci\u00f2 significa che puoi gestire il tuo business da qualsiasi parte del mondo, raggiungendo clienti e distributori di numerosi mercati internazionali, aprendo cos\u00ec un enorme potenziale di crescita ed espansione.<\/p>\n\n\n\n<p>In tempi in cui l&#8217;economia presenta sfide, come la disoccupazione e l&#8217;instabilit\u00e0 finanziaria, molte persone stanno prendendo il controllo del proprio futuro avviando la propria attivit\u00e0. Tuttavia, ci\u00f2 di solito richiede ingenti investimenti iniziali. Qui \u00e8 dove questo modello di business si presenta come un&#8217;opzione accessibile e praticabile, con numerosi esempi di successo a livello globale che dimostrano il potenziale di questa opportunit\u00e0.<\/p>\n\n\n\n<p>Questo sistema ti permette di evitare le spese tipiche di un&#8217;attivit\u00e0 tradizionale, come il personale, gli affitti o le imposte aggiuntive. Se ti riconosci in qualcuna di queste situazioni:<\/p>\n\n\n\n<ul class=\"wp-block-list\">\n<li>Instabilit\u00e0 lavorativa<\/li>\n\n\n\n<li>Stagnazione dei tuoi guadagni<\/li>\n\n\n\n<li>Interesse a lavorare da casa<\/li>\n\n\n\n<li>Necessit\u00e0 di flessibilit\u00e0 lavorativa<\/li>\n<\/ul>\n\n\n\n<p>Allora questo potrebbe essere il momento giusto per unirti a noi. Se desideri maggiori informazioni, compila il seguente modulo e saremo felici di guidarti nel tuo cammino verso il successo.<\/p>\n\n\n<div class=\"frm_forms  with_frm_style frm_style_formidable-style\" id=\"frm_form_1_container\" >\n<form enctype=\"multipart\/form-data\" method=\"post\" class=\"frm-show-form \" id=\"form_opportunita\" >\n<div class=\"frm_form_fields \">\n<fieldset>\n<legend class=\"frm_screen_reader\">Opportunit\u00e0<\/legend>\r\n\r\n<div class=\"frm_fields_container\">\n<input type=\"hidden\" name=\"frm_action\" value=\"create\" \/>\n<input type=\"hidden\" name=\"form_id\" value=\"1\" \/>\n<input type=\"hidden\" name=\"frm_hide_fields_1\" id=\"frm_hide_fields_1\" value=\"\" \/>\n<input type=\"hidden\" name=\"form_key\" value=\"opportunita\" \/>\n<input type=\"hidden\" name=\"item_meta[0]\" value=\"\" \/>\n<input type=\"hidden\" id=\"frm_submit_entry_1\" name=\"frm_submit_entry_1\" value=\"5c4a0babb7\" \/><input type=\"hidden\" name=\"_wp_http_referer\" value=\"\/myhlife\/wp-json\/wp\/v2\/pages\/320\" \/><div id=\"frm_field_1_container\" class=\"frm_form_field form-field  frm_required_field frm_top_container frm_first frm_half\">\r\n\t<label for=\"field_qh4icy\" id=\"field_qh4icy_label\" class=\"frm_primary_label\">Nome\r\n\t\t<span class=\"frm_required\" aria-hidden=\"true\">*<\/span>\r\n\t<\/label>\r\n\t<input type=\"text\" id=\"field_qh4icy\" name=\"item_meta[1]\" value=\"\"  data-reqmsg=\"Nome no puede estar en blanco.\" aria-required=\"true\" data-invmsg=\"Nome is invalid\" aria-invalid=\"false\"  \/>\r\n\t\r\n\t\r\n<\/div>\n<div id=\"frm_field_2_container\" class=\"frm_form_field form-field  frm_required_field frm_top_container frm_half\">\r\n\t<label for=\"field_ocfup1\" id=\"field_ocfup1_label\" class=\"frm_primary_label\">Cognome\r\n\t\t<span class=\"frm_required\" aria-hidden=\"true\">*<\/span>\r\n\t<\/label>\r\n\t<input type=\"text\" id=\"field_ocfup1\" name=\"item_meta[2]\" value=\"\"  data-reqmsg=\"Cognome no puede estar en blanco.\" aria-required=\"true\" data-invmsg=\"Cognome is invalid\" aria-invalid=\"false\"  \/>\r\n\t\r\n\t\r\n<\/div>\n<div id=\"frm_field_3_container\" class=\"frm_form_field form-field  frm_required_field frm_top_container frm_full frm_half\">\r\n\t<label for=\"field_29yf4d\" id=\"field_29yf4d_label\" class=\"frm_primary_label\">Email\r\n\t\t<span class=\"frm_required\" aria-hidden=\"true\">*<\/span>\r\n\t<\/label>\r\n\t<input type=\"email\" id=\"field_29yf4d\" name=\"item_meta[3]\" value=\"\"  data-reqmsg=\"Email no puede estar en blanco.\" aria-required=\"true\" data-invmsg=\"Por favor, ingresa una direcci\u00f3n de correo electr\u00f3nico v\u00e1lida.\" aria-invalid=\"false\"  \/>\r\n\t\r\n\t\r\n<\/div>\n<div id=\"frm_field_5_container\" class=\"frm_form_field form-field  frm_required_field frm_top_container frm12 frm_first\">\r\n\t<label for=\"field_9jv0r1\" id=\"field_9jv0r1_label\" class=\"frm_primary_label\">Messaggio\r\n\t\t<span class=\"frm_required\" aria-hidden=\"true\">*<\/span>\r\n\t<\/label>\r\n\t<textarea name=\"item_meta[5]\" id=\"field_9jv0r1\" rows=\"5\"  data-reqmsg=\"Messaggio no puede estar en blanco.\" aria-required=\"true\" data-invmsg=\"Messaggio non \u00e8 valido\" aria-invalid=\"false\"  ><\/textarea>\r\n\t\r\n\t\r\n<\/div>\n<div id=\"frm_field_19_container\" class=\"frm_form_field form-field  frm_required_field frm_none_container vertical_radio\">\r\n\t<div  id=\"field_zkwux_label\" class=\"frm_primary_label\">Pol\u00edtica de privacidad\r\n\t\t<span class=\"frm_required\" aria-hidden=\"true\">*<\/span>\r\n\t<\/div>\r\n\t<div class=\"frm_opt_container\" aria-labelledby=\"field_zkwux_label\" role=\"group\">\t\t<div class=\"frm_checkbox\" id=\"frm_checkbox_19-0\">\t\t\t<label  for=\"field_zkwux-0\">\n\t\t\t<input type=\"checkbox\" name=\"item_meta[19][]\" id=\"field_zkwux-0\" value=\"Ho letto e accetto la politica sulla privacy.\"  data-reqmsg=\"Pol\u00edtica de privacidad es mandatorio.\" data-invmsg=\"Pol\u00edtica de privacidad non \u00e8 valido\"   aria-required=\"true\"  \/> Ho letto e accetto la politica sulla privacy.<\/label><\/div>\n<\/div>\r\n\t<div class=\"frm_description\" id=\"frm_desc_field_zkwux\"><a href=\"https:\/\/it.nutri4fit.com\/myhlife\/politica-privacy\/\" target=\"_blank\"> Politica sulla privacy<\/a><\/div>\r\n\t\r\n<\/div>\n<div id=\"frm_field_20_container\" class=\"frm_form_field form-field  frm_none_container frm12 frm_first\">\r\n\t<label for=\"g-recaptcha-response\" id=\"field_faq8y_label\" class=\"frm_primary_label\">Captcha\r\n\t\t<span class=\"frm_required\" aria-hidden=\"true\"><\/span>\r\n\t<\/label>\r\n\t<div  id=\"field_faq8y\" class=\"frm-g-recaptcha\" data-sitekey=\"6LfnAjUqAAAAAN9yJNimUuawuJZXiIB2jCEl6i92\" data-size=\"invisible\" data-theme=\"light\"><\/div>\r\n\t\r\n\t\r\n<\/div>\n<div id=\"frm_field_11_container\" class=\"frm_form_field form-field \">\r\n\t<div class=\"frm_submit frm_flex\">\r\n<button class=\"frm_button_submit\" type=\"submit\"  >Invia<\/button>\r\n\r\n\r\n\r\n<\/div>\r\n<\/div>\n\t<input type=\"hidden\" name=\"item_key\" value=\"\" \/>\n\t\t\t<div id=\"frm_field_63_container\">\n\t\t\t<label for=\"field_4cswr\" >\n\t\t\t\tSe sei un essere umano, lascia questo campo vuoto.\t\t\t<\/label>\n\t\t\t<input  id=\"field_4cswr\" type=\"text\" class=\"frm_form_field form-field frm_verify\" name=\"item_meta[63]\" value=\"\"  \/>\n\t\t<\/div>\n\t\t<input name=\"frm_state\" type=\"hidden\" value=\"bJLKhcLAKuNELvZs\/dceOGKL8qTvOVMvc1mVWmvh8MI=\" \/><\/div>\n<\/fieldset>\n<\/div>\n\n<\/form>\n<\/div>\n","protected":false},"excerpt":{"rendered":"<p>Lavora con noi Lo scopo di entrare in questo business dipende dagli obiettivi individuali di ciascuna persona. Una delle ragioni [&hellip;]<\/p>\n","protected":false},"author":1,"featured_media":0,"parent":0,"menu_order":0,"comment_status":"closed","ping_status":"closed","template":"","meta":{"_monsterinsights_skip_tracking":false,"_monsterinsights_sitenote_active":false,"_monsterinsights_sitenote_note":"","_monsterinsights_sitenote_category":0,"site-sidebar-layout":"default","site-content-layout":"","ast-site-content-layout":"default","site-content-style":"default","site-sidebar-style":"default","ast-global-header-display":"","ast-banner-title-visibility":"","ast-main-header-display":"","ast-hfb-above-header-display":"","ast-hfb-below-header-display":"","ast-hfb-mobile-header-display":"","site-post-title":"","ast-breadcrumbs-content":"","ast-featured-img":"","footer-sml-layout":"","ast-disable-related-posts":"","theme-transparent-header-meta":"","adv-header-id-meta":"","stick-header-meta":"","header-above-stick-meta":"","header-main-stick-meta":"","header-below-stick-meta":"","astra-migrate-meta-layouts":"default","ast-page-background-enabled":"default","ast-page-background-meta":{"desktop":{"background-color":"var(--ast-global-color-4)","background-image":"","background-repeat":"repeat","background-position":"center center","background-size":"auto","background-attachment":"scroll","background-type":"","background-media":"","overlay-type":"","overlay-color":"","overlay-opacity":"","overlay-gradient":""},"tablet":{"background-color":"","background-image":"","background-repeat":"repeat","background-position":"center center","background-size":"auto","background-attachment":"scroll","background-type":"","background-media":"","overlay-type":"","overlay-color":"","overlay-opacity":"","overlay-gradient":""},"mobile":{"background-color":"","background-image":"","background-repeat":"repeat","background-position":"center center","background-size":"auto","background-attachment":"scroll","background-type":"","background-media":"","overlay-type":"","overlay-color":"","overlay-opacity":"","overlay-gradient":""}},"ast-content-background-meta":{"desktop":{"background-color":"var(--ast-global-color-5)","background-image":"","background-repeat":"repeat","background-position":"center center","background-size":"auto","background-attachment":"scroll","background-type":"","background-media":"","overlay-type":"","overlay-color":"","overlay-opacity":"","overlay-gradient":""},"tablet":{"background-color":"var(--ast-global-color-5)","background-image":"","background-repeat":"repeat","background-position":"center center","background-size":"auto","background-attachment":"scroll","background-type":"","background-media":"","overlay-type":"","overlay-color":"","overlay-opacity":"","overlay-gradient":""},"mobile":{"background-color":"var(--ast-global-color-5)","background-image":"","background-repeat":"repeat","background-position":"center center","background-size":"auto","background-attachment":"scroll","background-type":"","background-media":"","overlay-type":"","overlay-color":"","overlay-opacity":"","overlay-gradient":""}},"footnotes":""},"class_list":["post-320","page","type-page","status-publish","hentry"],"yoast_head":"<!-- This site is optimized with the Yoast SEO Premium plugin v26.9 (Yoast SEO v26.9) - https:\/\/yoast.com\/product\/yoast-seo-premium-wordpress\/ -->\n<title>Lavora con noi | Opportunit\u00e0 lavoro online flessibile con Nutri4Fit<\/title>\n<meta name=\"description\" content=\"Scopri un\u2019opportunit\u00e0 di lavoro online flessibile: sconti sui prodotti, supporto del team e possibilit\u00e0 di guadagno. Compila il modulo.\" \/>\n<meta name=\"robots\" content=\"index, follow, max-snippet:-1, max-image-preview:large, max-video-preview:-1\" \/>\n<link rel=\"canonical\" href=\"https:\/\/it.nutri4fit.com\/myhlife\/lavora-con-noi\/\" \/>\n<meta property=\"og:locale\" content=\"it_IT\" \/>\n<meta property=\"og:type\" content=\"article\" \/>\n<meta property=\"og:title\" content=\"Lavora con noi\" \/>\n<meta property=\"og:description\" content=\"Scopri un\u2019opportunit\u00e0 di lavoro online flessibile: sconti sui prodotti, supporto del team e possibilit\u00e0 di guadagno. Compila il modulo.\" \/>\n<meta property=\"og:url\" content=\"https:\/\/it.nutri4fit.com\/myhlife\/lavora-con-noi\/\" \/>\n<meta property=\"og:site_name\" content=\"My Hlife\" \/>\n<meta property=\"article:modified_time\" content=\"2026-01-30T09:07:44+00:00\" \/>\n<meta name=\"twitter:card\" content=\"summary_large_image\" \/>\n<meta name=\"twitter:label1\" content=\"Tempo di lettura stimato\" \/>\n\t<meta name=\"twitter:data1\" content=\"3 minuti\" \/>\n<script type=\"application\/ld+json\" class=\"yoast-schema-graph\">{\"@context\":\"https:\/\/schema.org\",\"@graph\":[{\"@type\":\"WebPage\",\"@id\":\"https:\/\/it.nutri4fit.com\/myhlife\/lavora-con-noi\/\",\"url\":\"https:\/\/it.nutri4fit.com\/myhlife\/lavora-con-noi\/\",\"name\":\"Lavora con noi | Opportunit\u00e0 lavoro online flessibile con Nutri4Fit\",\"isPartOf\":{\"@id\":\"https:\/\/it.nutri4fit.com\/myhlife\/#website\"},\"datePublished\":\"2024-09-02T10:04:15+00:00\",\"dateModified\":\"2026-01-30T09:07:44+00:00\",\"description\":\"Scopri un\u2019opportunit\u00e0 di lavoro online flessibile: sconti sui prodotti, supporto del team e possibilit\u00e0 di guadagno. Compila il modulo.\",\"breadcrumb\":{\"@id\":\"https:\/\/it.nutri4fit.com\/myhlife\/lavora-con-noi\/#breadcrumb\"},\"inLanguage\":\"it-IT\",\"potentialAction\":[{\"@type\":\"ReadAction\",\"target\":[\"https:\/\/it.nutri4fit.com\/myhlife\/lavora-con-noi\/\"]}]},{\"@type\":\"BreadcrumbList\",\"@id\":\"https:\/\/it.nutri4fit.com\/myhlife\/lavora-con-noi\/#breadcrumb\",\"itemListElement\":[{\"@type\":\"ListItem\",\"position\":1,\"name\":\"Home\",\"item\":\"https:\/\/it.nutri4fit.com\/myhlife\/\"},{\"@type\":\"ListItem\",\"position\":2,\"name\":\"Lavora con noi\"}]},{\"@type\":\"WebSite\",\"@id\":\"https:\/\/it.nutri4fit.com\/myhlife\/#website\",\"url\":\"https:\/\/it.nutri4fit.com\/myhlife\/\",\"name\":\"My Hlife\",\"description\":\"\",\"publisher\":{\"@id\":\"https:\/\/it.nutri4fit.com\/myhlife\/#organization\"},\"potentialAction\":[{\"@type\":\"SearchAction\",\"target\":{\"@type\":\"EntryPoint\",\"urlTemplate\":\"https:\/\/it.nutri4fit.com\/myhlife\/?s={search_term_string}\"},\"query-input\":{\"@type\":\"PropertyValueSpecification\",\"valueRequired\":true,\"valueName\":\"search_term_string\"}}],\"inLanguage\":\"it-IT\"},{\"@type\":\"Organization\",\"@id\":\"https:\/\/it.nutri4fit.com\/myhlife\/#organization\",\"name\":\"Nutri4fit.com - My Hlife\",\"url\":\"https:\/\/it.nutri4fit.com\/myhlife\/\",\"logo\":{\"@type\":\"ImageObject\",\"inLanguage\":\"it-IT\",\"@id\":\"https:\/\/it.nutri4fit.com\/myhlife\/#\/schema\/logo\/image\/\",\"url\":\"https:\/\/it.nutri4fit.com\/myhlife\/wp-content\/uploads\/sites\/10\/2026\/01\/logoNutri4Fit.png\",\"contentUrl\":\"https:\/\/it.nutri4fit.com\/myhlife\/wp-content\/uploads\/sites\/10\/2026\/01\/logoNutri4Fit.png\",\"width\":500,\"height\":500,\"caption\":\"Nutri4fit.com - My Hlife\"},\"image\":{\"@id\":\"https:\/\/it.nutri4fit.com\/myhlife\/#\/schema\/logo\/image\/\"},\"sameAs\":[\"https:\/\/www.instagram.com\/nutri4fit_myhlife_it\/\"]}]}<\/script>\n<!-- \/ Yoast SEO Premium plugin. -->","yoast_head_json":{"title":"Lavora con noi | Opportunit\u00e0 lavoro online flessibile con Nutri4Fit","description":"Scopri un\u2019opportunit\u00e0 di lavoro online flessibile: sconti sui prodotti, supporto del team e possibilit\u00e0 di guadagno. Compila il modulo.","robots":{"index":"index","follow":"follow","max-snippet":"max-snippet:-1","max-image-preview":"max-image-preview:large","max-video-preview":"max-video-preview:-1"},"canonical":"https:\/\/it.nutri4fit.com\/myhlife\/lavora-con-noi\/","og_locale":"it_IT","og_type":"article","og_title":"Lavora con noi","og_description":"Scopri un\u2019opportunit\u00e0 di lavoro online flessibile: sconti sui prodotti, supporto del team e possibilit\u00e0 di guadagno. Compila il modulo.","og_url":"https:\/\/it.nutri4fit.com\/myhlife\/lavora-con-noi\/","og_site_name":"My Hlife","article_modified_time":"2026-01-30T09:07:44+00:00","twitter_card":"summary_large_image","twitter_misc":{"Tempo di lettura stimato":"3 minuti"},"schema":{"@context":"https:\/\/schema.org","@graph":[{"@type":"WebPage","@id":"https:\/\/it.nutri4fit.com\/myhlife\/lavora-con-noi\/","url":"https:\/\/it.nutri4fit.com\/myhlife\/lavora-con-noi\/","name":"Lavora con noi | Opportunit\u00e0 lavoro online flessibile con Nutri4Fit","isPartOf":{"@id":"https:\/\/it.nutri4fit.com\/myhlife\/#website"},"datePublished":"2024-09-02T10:04:15+00:00","dateModified":"2026-01-30T09:07:44+00:00","description":"Scopri un\u2019opportunit\u00e0 di lavoro online flessibile: sconti sui prodotti, supporto del team e possibilit\u00e0 di guadagno. Compila il modulo.","breadcrumb":{"@id":"https:\/\/it.nutri4fit.com\/myhlife\/lavora-con-noi\/#breadcrumb"},"inLanguage":"it-IT","potentialAction":[{"@type":"ReadAction","target":["https:\/\/it.nutri4fit.com\/myhlife\/lavora-con-noi\/"]}]},{"@type":"BreadcrumbList","@id":"https:\/\/it.nutri4fit.com\/myhlife\/lavora-con-noi\/#breadcrumb","itemListElement":[{"@type":"ListItem","position":1,"name":"Home","item":"https:\/\/it.nutri4fit.com\/myhlife\/"},{"@type":"ListItem","position":2,"name":"Lavora con noi"}]},{"@type":"WebSite","@id":"https:\/\/it.nutri4fit.com\/myhlife\/#website","url":"https:\/\/it.nutri4fit.com\/myhlife\/","name":"My Hlife","description":"","publisher":{"@id":"https:\/\/it.nutri4fit.com\/myhlife\/#organization"},"potentialAction":[{"@type":"SearchAction","target":{"@type":"EntryPoint","urlTemplate":"https:\/\/it.nutri4fit.com\/myhlife\/?s={search_term_string}"},"query-input":{"@type":"PropertyValueSpecification","valueRequired":true,"valueName":"search_term_string"}}],"inLanguage":"it-IT"},{"@type":"Organization","@id":"https:\/\/it.nutri4fit.com\/myhlife\/#organization","name":"Nutri4fit.com - My Hlife","url":"https:\/\/it.nutri4fit.com\/myhlife\/","logo":{"@type":"ImageObject","inLanguage":"it-IT","@id":"https:\/\/it.nutri4fit.com\/myhlife\/#\/schema\/logo\/image\/","url":"https:\/\/it.nutri4fit.com\/myhlife\/wp-content\/uploads\/sites\/10\/2026\/01\/logoNutri4Fit.png","contentUrl":"https:\/\/it.nutri4fit.com\/myhlife\/wp-content\/uploads\/sites\/10\/2026\/01\/logoNutri4Fit.png","width":500,"height":500,"caption":"Nutri4fit.com - My Hlife"},"image":{"@id":"https:\/\/it.nutri4fit.com\/myhlife\/#\/schema\/logo\/image\/"},"sameAs":["https:\/\/www.instagram.com\/nutri4fit_myhlife_it\/"]}]}},"jetpack_sharing_enabled":true,"_links":{"self":[{"href":"https:\/\/it.nutri4fit.com\/myhlife\/wp-json\/wp\/v2\/pages\/320","targetHints":{"allow":["GET"]}}],"collection":[{"href":"https:\/\/it.nutri4fit.com\/myhlife\/wp-json\/wp\/v2\/pages"}],"about":[{"href":"https:\/\/it.nutri4fit.com\/myhlife\/wp-json\/wp\/v2\/types\/page"}],"author":[{"embeddable":true,"href":"https:\/\/it.nutri4fit.com\/myhlife\/wp-json\/wp\/v2\/users\/1"}],"replies":[{"embeddable":true,"href":"https:\/\/it.nutri4fit.com\/myhlife\/wp-json\/wp\/v2\/comments?post=320"}],"version-history":[{"count":17,"href":"https:\/\/it.nutri4fit.com\/myhlife\/wp-json\/wp\/v2\/pages\/320\/revisions"}],"predecessor-version":[{"id":937,"href":"https:\/\/it.nutri4fit.com\/myhlife\/wp-json\/wp\/v2\/pages\/320\/revisions\/937"}],"wp:attachment":[{"href":"https:\/\/it.nutri4fit.com\/myhlife\/wp-json\/wp\/v2\/media?parent=320"}],"curies":[{"name":"wp","href":"https:\/\/api.w.org\/{rel}","templated":true}]}}