{"id":747,"date":"2024-10-14T21:37:15","date_gmt":"2024-10-14T20:37:15","guid":{"rendered":"https:\/\/it.nutri4fit.com\/myhlife\/?page_id=747"},"modified":"2024-11-16T16:02:04","modified_gmt":"2024-11-16T15:02:04","slug":"contatti","status":"publish","type":"page","link":"https:\/\/it.nutri4fit.com\/myhlife\/contatti\/","title":{"rendered":"Contattaci"},"content":{"rendered":"<div class=\"frm_forms  with_frm_style frm_style_formidable-style\" id=\"frm_form_8_container\" data-token=\"3f9c7b57a9428fb8b73b68c1b67a0a7c\">\n<form enctype=\"multipart\/form-data\" method=\"post\" class=\"frm-show-form \" id=\"form_contattaci\" data-token=\"3f9c7b57a9428fb8b73b68c1b67a0a7c\">\n<div class=\"frm_form_fields \">\n<fieldset>\n<legend class=\"frm_screen_reader\">Contattaci<\/legend>\r\n\r\n<div class=\"frm_fields_container\">\n<input type=\"hidden\" name=\"frm_action\" value=\"create\" \/>\n<input type=\"hidden\" name=\"form_id\" value=\"8\" \/>\n<input type=\"hidden\" name=\"frm_hide_fields_8\" id=\"frm_hide_fields_8\" value=\"\" \/>\n<input type=\"hidden\" name=\"form_key\" value=\"contattaci\" \/>\n<input type=\"hidden\" name=\"item_meta[0]\" value=\"\" \/>\n<input type=\"hidden\" id=\"frm_submit_entry_8\" name=\"frm_submit_entry_8\" value=\"5c4a0babb7\" \/><input type=\"hidden\" name=\"_wp_http_referer\" value=\"\/myhlife\/wp-json\/wp\/v2\/pages\/747\" \/><div id=\"frm_field_55_container\" class=\"frm_form_field form-field  frm_required_field frm_top_container frm_first frm_half\">\r\n\t<label for=\"field_qh4icy4\" id=\"field_qh4icy4_label\" class=\"frm_primary_label\">Nome\r\n\t\t<span class=\"frm_required\" aria-hidden=\"true\">*<\/span>\r\n\t<\/label>\r\n\t<input type=\"text\" id=\"field_qh4icy4\" name=\"item_meta[55]\" value=\"\"  data-reqmsg=\"Nome no puede estar en blanco.\" aria-required=\"true\" data-invmsg=\"Nome is invalid\" aria-invalid=\"false\"  \/>\r\n\t\r\n\t\r\n<\/div>\n<div id=\"frm_field_56_container\" class=\"frm_form_field form-field  frm_required_field frm_top_container frm_half\">\r\n\t<label for=\"field_ocfup14\" id=\"field_ocfup14_label\" class=\"frm_primary_label\">Cognome\r\n\t\t<span class=\"frm_required\" aria-hidden=\"true\">*<\/span>\r\n\t<\/label>\r\n\t<input type=\"text\" id=\"field_ocfup14\" name=\"item_meta[56]\" value=\"\"  data-reqmsg=\"Cognome no puede estar en blanco.\" aria-required=\"true\" data-invmsg=\"Cognome is invalid\" aria-invalid=\"false\"  \/>\r\n\t\r\n\t\r\n<\/div>\n<div id=\"frm_field_57_container\" class=\"frm_form_field form-field  frm_required_field frm_top_container frm_full frm_half\">\r\n\t<label for=\"field_29yf4d4\" id=\"field_29yf4d4_label\" class=\"frm_primary_label\">Email\r\n\t\t<span class=\"frm_required\" aria-hidden=\"true\">*<\/span>\r\n\t<\/label>\r\n\t<input type=\"email\" id=\"field_29yf4d4\" name=\"item_meta[57]\" value=\"\"  data-reqmsg=\"Email no puede estar en blanco.\" aria-required=\"true\" data-invmsg=\"Por favor, ingresa una direcci\u00f3n de correo electr\u00f3nico v\u00e1lida.\" aria-invalid=\"false\"  \/>\r\n\t\r\n\t\r\n<\/div>\n<div id=\"frm_field_58_container\" class=\"frm_form_field form-field  frm_required_field frm_top_container\">\r\n\t<label for=\"field_uzf242\" id=\"field_uzf242_label\" class=\"frm_primary_label\">Oggetto\r\n\t\t<span class=\"frm_required\" aria-hidden=\"true\">*<\/span>\r\n\t<\/label>\r\n\t<input type=\"text\" id=\"field_uzf242\" name=\"item_meta[58]\" value=\"\"  data-reqmsg=\"Oggetto cannot be blank.\" aria-required=\"true\" data-invmsg=\"Oggetto is invalid\" aria-invalid=\"false\"  \/>\r\n\t\r\n\t\r\n<\/div>\n<div id=\"frm_field_59_container\" class=\"frm_form_field form-field  frm_required_field frm_top_container frm12 frm_first\">\r\n\t<label for=\"field_9jv0r14\" id=\"field_9jv0r14_label\" class=\"frm_primary_label\">Messaggio\r\n\t\t<span class=\"frm_required\" aria-hidden=\"true\">*<\/span>\r\n\t<\/label>\r\n\t<textarea name=\"item_meta[59]\" id=\"field_9jv0r14\" rows=\"5\"  data-reqmsg=\"Messaggio no puede estar en blanco.\" aria-required=\"true\" data-invmsg=\"Messaggio non \u00e8 valido\" aria-invalid=\"false\"  ><\/textarea>\r\n\t\r\n\t\r\n<\/div>\n<div id=\"frm_field_60_container\" class=\"frm_form_field form-field  frm_required_field frm_none_container vertical_radio\">\r\n\t<div  id=\"field_zkwux3_label\" class=\"frm_primary_label\">Politica della privacy\r\n\t\t<span class=\"frm_required\" aria-hidden=\"true\">*<\/span>\r\n\t<\/div>\r\n\t<div class=\"frm_opt_container\" aria-labelledby=\"field_zkwux3_label\" role=\"group\">\t\t<div class=\"frm_checkbox\" id=\"frm_checkbox_60-0\">\t\t\t<label  for=\"field_zkwux3-0\">\n\t\t\t<input type=\"checkbox\" name=\"item_meta[60][]\" id=\"field_zkwux3-0\" value=\"Ho letto e accetto la politica della privacy\"  data-reqmsg=\"Politica della privacy es mandatorio.\" data-invmsg=\"Politica della privacy non \u00e8 valido\"   aria-required=\"true\"  \/> Ho letto e accetto la politica della privacy<\/label><\/div>\n<\/div>\r\n\t<div class=\"frm_description\" id=\"frm_desc_field_zkwux3\"><a href=\"https:\/\/it.nutri4fit.com\/myhlife\/politica-privacy\/\" target=\"_blank\"> Politica della privacy<\/a><\/div>\r\n\t\r\n<\/div>\n<div id=\"frm_field_61_container\" class=\"frm_form_field form-field  frm_none_container frm12 frm_first\">\r\n\t<label for=\"g-recaptcha-response\" id=\"field_faq8y3_label\" class=\"frm_primary_label\">Captcha\r\n\t\t<span class=\"frm_required\" aria-hidden=\"true\"><\/span>\r\n\t<\/label>\r\n\t<div  id=\"field_faq8y3\" class=\"frm-g-recaptcha\" data-sitekey=\"6LfnAjUqAAAAAN9yJNimUuawuJZXiIB2jCEl6i92\" data-size=\"invisible\" data-theme=\"light\"><\/div>\r\n\t\r\n\t\r\n<\/div>\n<div id=\"frm_field_62_container\" class=\"frm_form_field form-field \">\r\n\t<div class=\"frm_submit frm_flex\">\r\n<button class=\"frm_button_submit\" type=\"submit\"  >Invia<\/button>\r\n\r\n\r\n\r\n<\/div>\r\n<\/div>\n\t<input type=\"hidden\" name=\"item_key\" value=\"\" \/>\n\t\t\t<div id=\"frm_field_63_container\">\n\t\t\t<label for=\"field_mvcin\" >\n\t\t\t\tSe sei un essere umano, lascia questo campo vuoto.\t\t\t<\/label>\n\t\t\t<input  id=\"field_mvcin\" type=\"text\" class=\"frm_form_field form-field frm_verify\" name=\"item_meta[63]\" value=\"\"  \/>\n\t\t<\/div>\n\t\t<input name=\"frm_state\" type=\"hidden\" value=\"bJLKhcLAKuNELvZs\/dceOGKL8qTvOVMvc1mVWmvh8MI=\" \/><\/div>\n<\/fieldset>\n<\/div>\n\n<\/form>\n<\/div>\n\n","protected":false},"excerpt":{"rendered":"","protected":false},"author":1,"featured_media":0,"parent":0,"menu_order":0,"comment_status":"closed","ping_status":"closed","template":"","meta":{"_monsterinsights_skip_tracking":false,"_monsterinsights_sitenote_active":false,"_monsterinsights_sitenote_note":"","_monsterinsights_sitenote_category":0,"site-sidebar-layout":"default","site-content-layout":"","ast-site-content-layout":"default","site-content-style":"default","site-sidebar-style":"default","ast-global-header-display":"","ast-banner-title-visibility":"","ast-main-header-display":"","ast-hfb-above-header-display":"","ast-hfb-below-header-display":"","ast-hfb-mobile-header-display":"","site-post-title":"","ast-breadcrumbs-content":"","ast-featured-img":"","footer-sml-layout":"","ast-disable-related-posts":"","theme-transparent-header-meta":"","adv-header-id-meta":"","stick-header-meta":"","header-above-stick-meta":"","header-main-stick-meta":"","header-below-stick-meta":"","astra-migrate-meta-layouts":"default","ast-page-background-enabled":"default","ast-page-background-meta":{"desktop":{"background-color":"var(--ast-global-color-4)","background-image":"","background-repeat":"repeat","background-position":"center center","background-size":"auto","background-attachment":"scroll","background-type":"","background-media":"","overlay-type":"","overlay-color":"","overlay-opacity":"","overlay-gradient":""},"tablet":{"background-color":"","background-image":"","background-repeat":"repeat","background-position":"center center","background-size":"auto","background-attachment":"scroll","background-type":"","background-media":"","overlay-type":"","overlay-color":"","overlay-opacity":"","overlay-gradient":""},"mobile":{"background-color":"","background-image":"","background-repeat":"repeat","background-position":"center center","background-size":"auto","background-attachment":"scroll","background-type":"","background-media":"","overlay-type":"","overlay-color":"","overlay-opacity":"","overlay-gradient":""}},"ast-content-background-meta":{"desktop":{"background-color":"var(--ast-global-color-5)","background-image":"","background-repeat":"repeat","background-position":"center center","background-size":"auto","background-attachment":"scroll","background-type":"","background-media":"","overlay-type":"","overlay-color":"","overlay-opacity":"","overlay-gradient":""},"tablet":{"background-color":"var(--ast-global-color-5)","background-image":"","background-repeat":"repeat","background-position":"center center","background-size":"auto","background-attachment":"scroll","background-type":"","background-media":"","overlay-type":"","overlay-color":"","overlay-opacity":"","overlay-gradient":""},"mobile":{"background-color":"var(--ast-global-color-5)","background-image":"","background-repeat":"repeat","background-position":"center center","background-size":"auto","background-attachment":"scroll","background-type":"","background-media":"","overlay-type":"","overlay-color":"","overlay-opacity":"","overlay-gradient":""}},"footnotes":""},"class_list":["post-747","page","type-page","status-publish","hentry"],"yoast_head":"<!-- This site is optimized with the Yoast SEO Premium plugin v26.9 (Yoast SEO v26.9) - https:\/\/yoast.com\/product\/yoast-seo-premium-wordpress\/ -->\n<title>Contattaci - My Hlife<\/title>\n<meta name=\"robots\" content=\"index, follow, max-snippet:-1, max-image-preview:large, max-video-preview:-1\" \/>\n<link rel=\"canonical\" href=\"https:\/\/it.nutri4fit.com\/myhlife\/contatti\/\" \/>\n<meta property=\"og:locale\" content=\"it_IT\" \/>\n<meta property=\"og:type\" content=\"article\" \/>\n<meta property=\"og:title\" content=\"Contattaci\" \/>\n<meta property=\"og:url\" content=\"https:\/\/it.nutri4fit.com\/myhlife\/contatti\/\" \/>\n<meta property=\"og:site_name\" content=\"My Hlife\" \/>\n<meta property=\"article:modified_time\" content=\"2024-11-16T15:02:04+00:00\" \/>\n<meta name=\"twitter:card\" content=\"summary_large_image\" \/>\n<script type=\"application\/ld+json\" class=\"yoast-schema-graph\">{\"@context\":\"https:\/\/schema.org\",\"@graph\":[{\"@type\":\"WebPage\",\"@id\":\"https:\/\/it.nutri4fit.com\/myhlife\/contatti\/\",\"url\":\"https:\/\/it.nutri4fit.com\/myhlife\/contatti\/\",\"name\":\"Contattaci - My Hlife\",\"isPartOf\":{\"@id\":\"https:\/\/it.nutri4fit.com\/myhlife\/#website\"},\"datePublished\":\"2024-10-14T20:37:15+00:00\",\"dateModified\":\"2024-11-16T15:02:04+00:00\",\"breadcrumb\":{\"@id\":\"https:\/\/it.nutri4fit.com\/myhlife\/contatti\/#breadcrumb\"},\"inLanguage\":\"it-IT\",\"potentialAction\":[{\"@type\":\"ReadAction\",\"target\":[\"https:\/\/it.nutri4fit.com\/myhlife\/contatti\/\"]}]},{\"@type\":\"BreadcrumbList\",\"@id\":\"https:\/\/it.nutri4fit.com\/myhlife\/contatti\/#breadcrumb\",\"itemListElement\":[{\"@type\":\"ListItem\",\"position\":1,\"name\":\"Home\",\"item\":\"https:\/\/it.nutri4fit.com\/myhlife\/\"},{\"@type\":\"ListItem\",\"position\":2,\"name\":\"Contattaci\"}]},{\"@type\":\"WebSite\",\"@id\":\"https:\/\/it.nutri4fit.com\/myhlife\/#website\",\"url\":\"https:\/\/it.nutri4fit.com\/myhlife\/\",\"name\":\"My Hlife\",\"description\":\"\",\"publisher\":{\"@id\":\"https:\/\/it.nutri4fit.com\/myhlife\/#organization\"},\"potentialAction\":[{\"@type\":\"SearchAction\",\"target\":{\"@type\":\"EntryPoint\",\"urlTemplate\":\"https:\/\/it.nutri4fit.com\/myhlife\/?s={search_term_string}\"},\"query-input\":{\"@type\":\"PropertyValueSpecification\",\"valueRequired\":true,\"valueName\":\"search_term_string\"}}],\"inLanguage\":\"it-IT\"},{\"@type\":\"Organization\",\"@id\":\"https:\/\/it.nutri4fit.com\/myhlife\/#organization\",\"name\":\"Nutri4fit.com - My Hlife\",\"url\":\"https:\/\/it.nutri4fit.com\/myhlife\/\",\"logo\":{\"@type\":\"ImageObject\",\"inLanguage\":\"it-IT\",\"@id\":\"https:\/\/it.nutri4fit.com\/myhlife\/#\/schema\/logo\/image\/\",\"url\":\"https:\/\/it.nutri4fit.com\/myhlife\/wp-content\/uploads\/sites\/10\/2026\/01\/logoNutri4Fit.png\",\"contentUrl\":\"https:\/\/it.nutri4fit.com\/myhlife\/wp-content\/uploads\/sites\/10\/2026\/01\/logoNutri4Fit.png\",\"width\":500,\"height\":500,\"caption\":\"Nutri4fit.com - My Hlife\"},\"image\":{\"@id\":\"https:\/\/it.nutri4fit.com\/myhlife\/#\/schema\/logo\/image\/\"},\"sameAs\":[\"https:\/\/www.instagram.com\/nutri4fit_myhlife_it\/\"]}]}<\/script>\n<!-- \/ Yoast SEO Premium plugin. -->","yoast_head_json":{"title":"Contattaci - My Hlife","robots":{"index":"index","follow":"follow","max-snippet":"max-snippet:-1","max-image-preview":"max-image-preview:large","max-video-preview":"max-video-preview:-1"},"canonical":"https:\/\/it.nutri4fit.com\/myhlife\/contatti\/","og_locale":"it_IT","og_type":"article","og_title":"Contattaci","og_url":"https:\/\/it.nutri4fit.com\/myhlife\/contatti\/","og_site_name":"My Hlife","article_modified_time":"2024-11-16T15:02:04+00:00","twitter_card":"summary_large_image","schema":{"@context":"https:\/\/schema.org","@graph":[{"@type":"WebPage","@id":"https:\/\/it.nutri4fit.com\/myhlife\/contatti\/","url":"https:\/\/it.nutri4fit.com\/myhlife\/contatti\/","name":"Contattaci - My Hlife","isPartOf":{"@id":"https:\/\/it.nutri4fit.com\/myhlife\/#website"},"datePublished":"2024-10-14T20:37:15+00:00","dateModified":"2024-11-16T15:02:04+00:00","breadcrumb":{"@id":"https:\/\/it.nutri4fit.com\/myhlife\/contatti\/#breadcrumb"},"inLanguage":"it-IT","potentialAction":[{"@type":"ReadAction","target":["https:\/\/it.nutri4fit.com\/myhlife\/contatti\/"]}]},{"@type":"BreadcrumbList","@id":"https:\/\/it.nutri4fit.com\/myhlife\/contatti\/#breadcrumb","itemListElement":[{"@type":"ListItem","position":1,"name":"Home","item":"https:\/\/it.nutri4fit.com\/myhlife\/"},{"@type":"ListItem","position":2,"name":"Contattaci"}]},{"@type":"WebSite","@id":"https:\/\/it.nutri4fit.com\/myhlife\/#website","url":"https:\/\/it.nutri4fit.com\/myhlife\/","name":"My Hlife","description":"","publisher":{"@id":"https:\/\/it.nutri4fit.com\/myhlife\/#organization"},"potentialAction":[{"@type":"SearchAction","target":{"@type":"EntryPoint","urlTemplate":"https:\/\/it.nutri4fit.com\/myhlife\/?s={search_term_string}"},"query-input":{"@type":"PropertyValueSpecification","valueRequired":true,"valueName":"search_term_string"}}],"inLanguage":"it-IT"},{"@type":"Organization","@id":"https:\/\/it.nutri4fit.com\/myhlife\/#organization","name":"Nutri4fit.com - My Hlife","url":"https:\/\/it.nutri4fit.com\/myhlife\/","logo":{"@type":"ImageObject","inLanguage":"it-IT","@id":"https:\/\/it.nutri4fit.com\/myhlife\/#\/schema\/logo\/image\/","url":"https:\/\/it.nutri4fit.com\/myhlife\/wp-content\/uploads\/sites\/10\/2026\/01\/logoNutri4Fit.png","contentUrl":"https:\/\/it.nutri4fit.com\/myhlife\/wp-content\/uploads\/sites\/10\/2026\/01\/logoNutri4Fit.png","width":500,"height":500,"caption":"Nutri4fit.com - My Hlife"},"image":{"@id":"https:\/\/it.nutri4fit.com\/myhlife\/#\/schema\/logo\/image\/"},"sameAs":["https:\/\/www.instagram.com\/nutri4fit_myhlife_it\/"]}]}},"jetpack_sharing_enabled":true,"_links":{"self":[{"href":"https:\/\/it.nutri4fit.com\/myhlife\/wp-json\/wp\/v2\/pages\/747","targetHints":{"allow":["GET"]}}],"collection":[{"href":"https:\/\/it.nutri4fit.com\/myhlife\/wp-json\/wp\/v2\/pages"}],"about":[{"href":"https:\/\/it.nutri4fit.com\/myhlife\/wp-json\/wp\/v2\/types\/page"}],"author":[{"embeddable":true,"href":"https:\/\/it.nutri4fit.com\/myhlife\/wp-json\/wp\/v2\/users\/1"}],"replies":[{"embeddable":true,"href":"https:\/\/it.nutri4fit.com\/myhlife\/wp-json\/wp\/v2\/comments?post=747"}],"version-history":[{"count":4,"href":"https:\/\/it.nutri4fit.com\/myhlife\/wp-json\/wp\/v2\/pages\/747\/revisions"}],"predecessor-version":[{"id":930,"href":"https:\/\/it.nutri4fit.com\/myhlife\/wp-json\/wp\/v2\/pages\/747\/revisions\/930"}],"wp:attachment":[{"href":"https:\/\/it.nutri4fit.com\/myhlife\/wp-json\/wp\/v2\/media?parent=747"}],"curies":[{"name":"wp","href":"https:\/\/api.w.org\/{rel}","templated":true}]}}