{"id":788,"date":"2024-10-15T10:34:39","date_gmt":"2024-10-15T09:34:39","guid":{"rendered":"https:\/\/it.nutri4fit.com\/myhlife\/?page_id=788"},"modified":"2024-11-16T16:26:58","modified_gmt":"2024-11-16T15:26:58","slug":"politica-invio-resi","status":"publish","type":"page","link":"https:\/\/it.nutri4fit.com\/myhlife\/politica-invio-resi\/","title":{"rendered":"Spedizioni, metodi di pagamento e resi"},"content":{"rendered":"\n<h4 class=\"wp-block-heading\" style=\"font-size:50px\">Spedizioni, metodi di pagamento e resi<\/h4>\n\n\n\n<p><strong>TEMPI DI CONSEGNA<\/strong><br>Le spedizioni verranno effettuate entro un massimo di 24-72 ore dalla conferma del pagamento e dell\u2019invio dell\u2019ordine, escludendo sabati, domeniche e giorni festivi, poich\u00e9 in tali giorni non \u00e8 previsto il servizio di consegna. Gli ordini ricevuti entro le 13:30 &#8211; 13:45 verranno spediti lo stesso giorno, mentre quelli ricevuti dopo tale orario partiranno dal magazzino il giorno successivo.<\/p>\n\n\n\n<p>Se uno o pi\u00f9 articoli non sono disponibili al momento dell\u2019ordine, <strong>nutri4fit.com<\/strong>\n ti informer\u00e0 il prima possibile, comunicandoti la data in cui saranno nuovamente disponibili. In ogni caso, procederemo con la spedizione di tutti i prodotti disponibili in magazzino, mentre quelli non disponibili rimarranno in sospeso per una successiva spedizione. Nel caso in cui il cliente decida di aspettare la disponibilit\u00e0 dell\u2019articolo, <strong>nutri4fit.com<\/strong>\n lo spedir\u00e0 non appena sar\u00e0 disponibile, senza costi aggiuntivi per la spedizione successiva.<\/p>\n\n\n\n<p>Subito dopo aver effettuato l\u2019ordine, il cliente ricever\u00e0 un\u2019email di conferma. Da quel momento, sar\u00e0 informato sullo stato del suo ordine e, se lo desidera, gli verr\u00e0 fornito il numero di tracciamento, cos\u00ec da poter monitorare la consegna all\u2019indirizzo indicato.<\/p>\n\n\n\n<p>Tutte le spedizioni vengono effettuate senza alcun costo aggiuntivo.<\/p>\n\n\n\n<p><strong>CONSEGNA DEGLI ORDINI<\/strong><br>Gli ordini possono essere consegnati a qualsiasi indirizzo postale indicato al momento dell\u2019effettuazione dell\u2019ordine. Non verranno mai spediti ordini a caselle postali.<\/p>\n\n\n\n<p>\u00c8 consigliabile verificare attentamente l&#8217;indirizzo in cui desideri ricevere gli ordini per evitare problemi durante la consegna. Qualsiasi informazione aggiuntiva o chiarimento sull&#8217;indirizzo pu\u00f2 essere inviato tramite email a <a id='supporto' href=' ' onclick=\"openMailer(this,'fhccbeg@ahgev4svg.pbz','znvygb:fhccbeg@ahgev4svg.pbz');\">E-mail: clicca qui<\/a>, indicando il numero dell&#8217;ordine.<\/p>\n\n\n\n<p>La politica di spedizione di <strong>nutri4fit.com<\/strong>\n prevede la spedizione gratuita a partire dal primo prodotto, indipendentemente dal suo valore. Questo ci distingue dalla maggior parte dei nostri concorrenti ed \u00e8 un vantaggio che offriamo ai nostri clienti.<\/p>\n\n\n\n<p>Attraverso la sezione &#8220;Il mio account&#8221; potrai controllare lo stato del tuo ordine in qualsiasi momento. Inoltre, <strong>nutri4fit.com<\/strong>\n ti informer\u00e0 via email nel momento in cui l&#8217;ordine verr\u00e0 ricevuto e spedito verso la destinazione del cliente.<\/p>\n\n\n\n<p><strong>METODI DI PAGAMENTO SUPPORTATI<\/strong><br>Su <strong>nutri4fit.com<\/strong>\n puoi effettuare i tuoi ordini tramite carta di credito, Paypal o Revolut.<br><strong>nutri4fit.com<\/strong>\n offre una piattaforma di pagamento sicura, garantendo che le tue transazioni online siano il pi\u00f9 sicure possibile.<\/p>\n\n\n\n<p><\/p>\n","protected":false},"excerpt":{"rendered":"<p>Spedizioni, metodi di pagamento e resi TEMPI DI CONSEGNALe spedizioni verranno effettuate entro un massimo di 24-72 ore dalla conferma [&hellip;]<\/p>\n","protected":false},"author":1,"featured_media":0,"parent":0,"menu_order":0,"comment_status":"closed","ping_status":"closed","template":"","meta":{"_monsterinsights_skip_tracking":false,"_monsterinsights_sitenote_active":false,"_monsterinsights_sitenote_note":"","_monsterinsights_sitenote_category":0,"site-sidebar-layout":"default","site-content-layout":"","ast-site-content-layout":"default","site-content-style":"default","site-sidebar-style":"default","ast-global-header-display":"","ast-banner-title-visibility":"","ast-main-header-display":"","ast-hfb-above-header-display":"","ast-hfb-below-header-display":"","ast-hfb-mobile-header-display":"","site-post-title":"","ast-breadcrumbs-content":"","ast-featured-img":"","footer-sml-layout":"","ast-disable-related-posts":"","theme-transparent-header-meta":"","adv-header-id-meta":"","stick-header-meta":"","header-above-stick-meta":"","header-main-stick-meta":"","header-below-stick-meta":"","astra-migrate-meta-layouts":"default","ast-page-background-enabled":"default","ast-page-background-meta":{"desktop":{"background-color":"var(--ast-global-color-4)","background-image":"","background-repeat":"repeat","background-position":"center center","background-size":"auto","background-attachment":"scroll","background-type":"","background-media":"","overlay-type":"","overlay-color":"","overlay-opacity":"","overlay-gradient":""},"tablet":{"background-color":"","background-image":"","background-repeat":"repeat","background-position":"center center","background-size":"auto","background-attachment":"scroll","background-type":"","background-media":"","overlay-type":"","overlay-color":"","overlay-opacity":"","overlay-gradient":""},"mobile":{"background-color":"","background-image":"","background-repeat":"repeat","background-position":"center center","background-size":"auto","background-attachment":"scroll","background-type":"","background-media":"","overlay-type":"","overlay-color":"","overlay-opacity":"","overlay-gradient":""}},"ast-content-background-meta":{"desktop":{"background-color":"var(--ast-global-color-5)","background-image":"","background-repeat":"repeat","background-position":"center center","background-size":"auto","background-attachment":"scroll","background-type":"","background-media":"","overlay-type":"","overlay-color":"","overlay-opacity":"","overlay-gradient":""},"tablet":{"background-color":"var(--ast-global-color-5)","background-image":"","background-repeat":"repeat","background-position":"center center","background-size":"auto","background-attachment":"scroll","background-type":"","background-media":"","overlay-type":"","overlay-color":"","overlay-opacity":"","overlay-gradient":""},"mobile":{"background-color":"var(--ast-global-color-5)","background-image":"","background-repeat":"repeat","background-position":"center center","background-size":"auto","background-attachment":"scroll","background-type":"","background-media":"","overlay-type":"","overlay-color":"","overlay-opacity":"","overlay-gradient":""}},"footnotes":""},"class_list":["post-788","page","type-page","status-publish","hentry"],"yoast_head":"<!-- This site is optimized with the Yoast SEO Premium plugin v26.9 (Yoast SEO v26.9) - https:\/\/yoast.com\/product\/yoast-seo-premium-wordpress\/ -->\n<title>Spedizioni, metodi di pagamento e resi - My Hlife<\/title>\n<meta name=\"robots\" content=\"index, follow, max-snippet:-1, max-image-preview:large, max-video-preview:-1\" \/>\n<link rel=\"canonical\" href=\"https:\/\/it.nutri4fit.com\/myhlife\/politica-invio-resi\/\" \/>\n<meta property=\"og:locale\" content=\"it_IT\" \/>\n<meta property=\"og:type\" content=\"article\" \/>\n<meta property=\"og:title\" content=\"Spedizioni, metodi di pagamento e resi\" \/>\n<meta property=\"og:description\" content=\"Spedizioni, metodi di pagamento e resi TEMPI DI CONSEGNALe spedizioni verranno effettuate entro un massimo di 24-72 ore dalla conferma [&hellip;]\" \/>\n<meta property=\"og:url\" content=\"https:\/\/it.nutri4fit.com\/myhlife\/politica-invio-resi\/\" \/>\n<meta property=\"og:site_name\" content=\"My Hlife\" \/>\n<meta property=\"article:modified_time\" content=\"2024-11-16T15:26:58+00:00\" \/>\n<meta name=\"twitter:card\" content=\"summary_large_image\" \/>\n<meta name=\"twitter:label1\" content=\"Tempo di lettura stimato\" \/>\n\t<meta name=\"twitter:data1\" content=\"2 minuti\" \/>\n<script type=\"application\/ld+json\" class=\"yoast-schema-graph\">{\"@context\":\"https:\/\/schema.org\",\"@graph\":[{\"@type\":\"WebPage\",\"@id\":\"https:\/\/it.nutri4fit.com\/myhlife\/politica-invio-resi\/\",\"url\":\"https:\/\/it.nutri4fit.com\/myhlife\/politica-invio-resi\/\",\"name\":\"Spedizioni, metodi di pagamento e resi - My Hlife\",\"isPartOf\":{\"@id\":\"https:\/\/it.nutri4fit.com\/myhlife\/#website\"},\"datePublished\":\"2024-10-15T09:34:39+00:00\",\"dateModified\":\"2024-11-16T15:26:58+00:00\",\"breadcrumb\":{\"@id\":\"https:\/\/it.nutri4fit.com\/myhlife\/politica-invio-resi\/#breadcrumb\"},\"inLanguage\":\"it-IT\",\"potentialAction\":[{\"@type\":\"ReadAction\",\"target\":[\"https:\/\/it.nutri4fit.com\/myhlife\/politica-invio-resi\/\"]}]},{\"@type\":\"BreadcrumbList\",\"@id\":\"https:\/\/it.nutri4fit.com\/myhlife\/politica-invio-resi\/#breadcrumb\",\"itemListElement\":[{\"@type\":\"ListItem\",\"position\":1,\"name\":\"Home\",\"item\":\"https:\/\/it.nutri4fit.com\/myhlife\/\"},{\"@type\":\"ListItem\",\"position\":2,\"name\":\"Spedizioni, metodi di pagamento e resi\"}]},{\"@type\":\"WebSite\",\"@id\":\"https:\/\/it.nutri4fit.com\/myhlife\/#website\",\"url\":\"https:\/\/it.nutri4fit.com\/myhlife\/\",\"name\":\"My Hlife\",\"description\":\"\",\"publisher\":{\"@id\":\"https:\/\/it.nutri4fit.com\/myhlife\/#organization\"},\"potentialAction\":[{\"@type\":\"SearchAction\",\"target\":{\"@type\":\"EntryPoint\",\"urlTemplate\":\"https:\/\/it.nutri4fit.com\/myhlife\/?s={search_term_string}\"},\"query-input\":{\"@type\":\"PropertyValueSpecification\",\"valueRequired\":true,\"valueName\":\"search_term_string\"}}],\"inLanguage\":\"it-IT\"},{\"@type\":\"Organization\",\"@id\":\"https:\/\/it.nutri4fit.com\/myhlife\/#organization\",\"name\":\"Nutri4fit.com - My Hlife\",\"url\":\"https:\/\/it.nutri4fit.com\/myhlife\/\",\"logo\":{\"@type\":\"ImageObject\",\"inLanguage\":\"it-IT\",\"@id\":\"https:\/\/it.nutri4fit.com\/myhlife\/#\/schema\/logo\/image\/\",\"url\":\"https:\/\/it.nutri4fit.com\/myhlife\/wp-content\/uploads\/sites\/10\/2026\/01\/logoNutri4Fit.png\",\"contentUrl\":\"https:\/\/it.nutri4fit.com\/myhlife\/wp-content\/uploads\/sites\/10\/2026\/01\/logoNutri4Fit.png\",\"width\":500,\"height\":500,\"caption\":\"Nutri4fit.com - My Hlife\"},\"image\":{\"@id\":\"https:\/\/it.nutri4fit.com\/myhlife\/#\/schema\/logo\/image\/\"},\"sameAs\":[\"https:\/\/www.instagram.com\/nutri4fit_myhlife_it\/\"]}]}<\/script>\n<!-- \/ Yoast SEO Premium plugin. -->","yoast_head_json":{"title":"Spedizioni, metodi di pagamento e resi - My Hlife","robots":{"index":"index","follow":"follow","max-snippet":"max-snippet:-1","max-image-preview":"max-image-preview:large","max-video-preview":"max-video-preview:-1"},"canonical":"https:\/\/it.nutri4fit.com\/myhlife\/politica-invio-resi\/","og_locale":"it_IT","og_type":"article","og_title":"Spedizioni, metodi di pagamento e resi","og_description":"Spedizioni, metodi di pagamento e resi TEMPI DI CONSEGNALe spedizioni verranno effettuate entro un massimo di 24-72 ore dalla conferma [&hellip;]","og_url":"https:\/\/it.nutri4fit.com\/myhlife\/politica-invio-resi\/","og_site_name":"My Hlife","article_modified_time":"2024-11-16T15:26:58+00:00","twitter_card":"summary_large_image","twitter_misc":{"Tempo di lettura stimato":"2 minuti"},"schema":{"@context":"https:\/\/schema.org","@graph":[{"@type":"WebPage","@id":"https:\/\/it.nutri4fit.com\/myhlife\/politica-invio-resi\/","url":"https:\/\/it.nutri4fit.com\/myhlife\/politica-invio-resi\/","name":"Spedizioni, metodi di pagamento e resi - My Hlife","isPartOf":{"@id":"https:\/\/it.nutri4fit.com\/myhlife\/#website"},"datePublished":"2024-10-15T09:34:39+00:00","dateModified":"2024-11-16T15:26:58+00:00","breadcrumb":{"@id":"https:\/\/it.nutri4fit.com\/myhlife\/politica-invio-resi\/#breadcrumb"},"inLanguage":"it-IT","potentialAction":[{"@type":"ReadAction","target":["https:\/\/it.nutri4fit.com\/myhlife\/politica-invio-resi\/"]}]},{"@type":"BreadcrumbList","@id":"https:\/\/it.nutri4fit.com\/myhlife\/politica-invio-resi\/#breadcrumb","itemListElement":[{"@type":"ListItem","position":1,"name":"Home","item":"https:\/\/it.nutri4fit.com\/myhlife\/"},{"@type":"ListItem","position":2,"name":"Spedizioni, metodi di pagamento e resi"}]},{"@type":"WebSite","@id":"https:\/\/it.nutri4fit.com\/myhlife\/#website","url":"https:\/\/it.nutri4fit.com\/myhlife\/","name":"My Hlife","description":"","publisher":{"@id":"https:\/\/it.nutri4fit.com\/myhlife\/#organization"},"potentialAction":[{"@type":"SearchAction","target":{"@type":"EntryPoint","urlTemplate":"https:\/\/it.nutri4fit.com\/myhlife\/?s={search_term_string}"},"query-input":{"@type":"PropertyValueSpecification","valueRequired":true,"valueName":"search_term_string"}}],"inLanguage":"it-IT"},{"@type":"Organization","@id":"https:\/\/it.nutri4fit.com\/myhlife\/#organization","name":"Nutri4fit.com - My Hlife","url":"https:\/\/it.nutri4fit.com\/myhlife\/","logo":{"@type":"ImageObject","inLanguage":"it-IT","@id":"https:\/\/it.nutri4fit.com\/myhlife\/#\/schema\/logo\/image\/","url":"https:\/\/it.nutri4fit.com\/myhlife\/wp-content\/uploads\/sites\/10\/2026\/01\/logoNutri4Fit.png","contentUrl":"https:\/\/it.nutri4fit.com\/myhlife\/wp-content\/uploads\/sites\/10\/2026\/01\/logoNutri4Fit.png","width":500,"height":500,"caption":"Nutri4fit.com - My Hlife"},"image":{"@id":"https:\/\/it.nutri4fit.com\/myhlife\/#\/schema\/logo\/image\/"},"sameAs":["https:\/\/www.instagram.com\/nutri4fit_myhlife_it\/"]}]}},"jetpack_sharing_enabled":true,"_links":{"self":[{"href":"https:\/\/it.nutri4fit.com\/myhlife\/wp-json\/wp\/v2\/pages\/788","targetHints":{"allow":["GET"]}}],"collection":[{"href":"https:\/\/it.nutri4fit.com\/myhlife\/wp-json\/wp\/v2\/pages"}],"about":[{"href":"https:\/\/it.nutri4fit.com\/myhlife\/wp-json\/wp\/v2\/types\/page"}],"author":[{"embeddable":true,"href":"https:\/\/it.nutri4fit.com\/myhlife\/wp-json\/wp\/v2\/users\/1"}],"replies":[{"embeddable":true,"href":"https:\/\/it.nutri4fit.com\/myhlife\/wp-json\/wp\/v2\/comments?post=788"}],"version-history":[{"count":17,"href":"https:\/\/it.nutri4fit.com\/myhlife\/wp-json\/wp\/v2\/pages\/788\/revisions"}],"predecessor-version":[{"id":952,"href":"https:\/\/it.nutri4fit.com\/myhlife\/wp-json\/wp\/v2\/pages\/788\/revisions\/952"}],"wp:attachment":[{"href":"https:\/\/it.nutri4fit.com\/myhlife\/wp-json\/wp\/v2\/media?parent=788"}],"curies":[{"name":"wp","href":"https:\/\/api.w.org\/{rel}","templated":true}]}}