{"id":1101,"date":"2025-12-09T16:12:31","date_gmt":"2025-12-09T15:12:31","guid":{"rendered":"https:\/\/it.nutri4fit.com\/myhlife\/?post_type=product&#038;p=1101"},"modified":"2026-02-16T10:32:52","modified_gmt":"2026-02-16T09:32:52","slug":"hl-skin-siero-niacinamide-10-30-ml","status":"publish","type":"product","link":"https:\/\/it.nutri4fit.com\/myhlife\/product\/hl-skin-siero-niacinamide-10-30-ml\/","title":{"rendered":"HL\/Skin Siero Niacinamide 10% 30 ml"},"content":{"rendered":"<h3 id=\"info-toggle\">Descrizione del prodotto<\/h3>\n<div class=\"info-content\">\n<article>Scopri una pelle pi\u00f9 luminosa, levigata e radiosa con HL\/Skin Siero Niacinamide 10%, supportato dall&#8217;avanzata skincare coreana. Con un\u2019alta concentrazione di Niacinamide, questo siero dalla formula leggera e a rapido assorbimento migliora l&#8217;aspetto dei pori e la luminosit\u00e0 della pelle, uniformandone il tono per un aspetto sano e radioso.Arricchito con ingredienti che favoriscono l&#8217;idratazione, la sua formula rafforza la barriera cutanea e idrata fino a 8 ore la pelle. L&#8217;uso costante migliora la texture della pelle, la levigatezza e la morbidezza, riducendo visibilit\u00e0, dimensione e profondit\u00e0 delle rughe. La pelle appare pi\u00f9 luminosa, uniforme e radiosa e le macchie meno evidenti.<\/p>\n<p>&nbsp;<\/p>\n<p>HL\/Skin Siero Niacinamide 10% non contiene parabeni aggiunti ed \u00e8 perfetto da applicare prima del make-up.<\/p>\n<h5 data-bind=\"visible: KeyBenefits\">Propriet\u00e0 principali<\/h5>\n<div class=\"disc\" data-bind=\"visible: KeyBenefits, html: KeyBenefits\">\n<p>HL\/Skin Siero Niacinamide 10%:<\/p>\n<ul>\n<li>\u00c8 supportato dall&#8217;avanzata skincare coreana<\/li>\n<li>\u00c8 dermatologicamente testato<\/li>\n<li>\u00c8 oftalmologicamente testato<\/li>\n<li>Garantisce fino a 8 ore di idratazione2<\/li>\n<li>Migliora l&#8217;uniformit\u00e0 del tono della pelle3, la luminosit\u00e03, la visibilit\u00e0 e la dimensione delle rughe1, la levigatezza3\u00a0 e l&#8217;aspetto dei pori3<\/li>\n<li>Perfetto da applicare prima del make-up<\/li>\n<li>Adatto a tutti i tipi di pelle<\/li>\n<li>Senza parabeni aggiunti<\/li>\n<\/ul>\n<p>&nbsp;<\/p>\n<p>1 Testato su 34 donne, di et\u00e0 compresa tra 44 e 65 anni. Risultati valutati mediante misurazioni strumentali dopo 60 giorni di utilizzo<br \/>\n2 Testato su 32 donne, di et\u00e0 compresa tra 25 e 60 anni. Risultati valutati mediante misurazioni strumentali<br \/>\n3 Testato su 36 donne, di et\u00e0 compresa tra 44 e 65 anni. Risultati valutati mediante misurazioni strumentali dopo 60 giorni di utilizzo<\/p>\n<\/div>\n<h5 data-bind=\"visible: Usage\">Modalit\u00e0 d&#8217;uso<\/h5>\n<div class=\"disc\" data-bind=\"visible: Usage, html: Usage\">\n<p>Applicare alcune gocce sulla pelle pulita e asciutta del viso e del collo. Premere delicatamente sulla pelle fino al completo assorbimento. Usare una volta al giorno.<\/p>\n<p>Applicare una protezione SPF durante il giorno.<\/p>\n<p>Massaggiare delicatamente la pelle con il nostro Gua Sha di giada bianca<\/p>\n<\/div>\n<\/article>\n<\/div>\n","protected":false},"excerpt":{"rendered":"<p><a href=\"https:\/\/www.herbalife.com\/assets\/market-reusable-assets\/emea\/italy\/documents\/product-label\/pl-508k-it.pdf\" target=\"_blank\" rel=\"noopener\" data-bind=\"visible: LabelPDF, attr: {href: LabelPDF}\">Ingredienti<\/a><\/p>\n","protected":false},"featured_media":1102,"comment_status":"open","ping_status":"closed","template":"","meta":{"_monsterinsights_skip_tracking":false,"_monsterinsights_sitenote_active":false,"_monsterinsights_sitenote_note":"","_monsterinsights_sitenote_category":0,"site-sidebar-layout":"default","site-content-layout":"","ast-site-content-layout":"default","site-content-style":"default","site-sidebar-style":"default","ast-global-header-display":"","ast-banner-title-visibility":"","ast-main-header-display":"","ast-hfb-above-header-display":"","ast-hfb-below-header-display":"","ast-hfb-mobile-header-display":"","site-post-title":"","ast-breadcrumbs-content":"","ast-featured-img":"","footer-sml-layout":"","ast-disable-related-posts":"","theme-transparent-header-meta":"default","adv-header-id-meta":"","stick-header-meta":"default","header-above-stick-meta":"","header-main-stick-meta":"","header-below-stick-meta":"","astra-migrate-meta-layouts":"set","ast-page-background-enabled":"default","ast-page-background-meta":{"desktop":{"background-color":"var(--ast-global-color-4)","background-image":"","background-repeat":"repeat","background-position":"center center","background-size":"auto","background-attachment":"scroll","background-type":"","background-media":"","overlay-type":"","overlay-color":"","overlay-opacity":"","overlay-gradient":""},"tablet":{"background-color":"","background-image":"","background-repeat":"repeat","background-position":"center center","background-size":"auto","background-attachment":"scroll","background-type":"","background-media":"","overlay-type":"","overlay-color":"","overlay-opacity":"","overlay-gradient":""},"mobile":{"background-color":"","background-image":"","background-repeat":"repeat","background-position":"center center","background-size":"auto","background-attachment":"scroll","background-type":"","background-media":"","overlay-type":"","overlay-color":"","overlay-opacity":"","overlay-gradient":""}},"ast-content-background-meta":{"desktop":{"background-color":"var(--ast-global-color-5)","background-image":"","background-repeat":"repeat","background-position":"center center","background-size":"auto","background-attachment":"scroll","background-type":"","background-media":"","overlay-type":"","overlay-color":"","overlay-opacity":"","overlay-gradient":""},"tablet":{"background-color":"var(--ast-global-color-5)","background-image":"","background-repeat":"repeat","background-position":"center center","background-size":"auto","background-attachment":"scroll","background-type":"","background-media":"","overlay-type":"","overlay-color":"","overlay-opacity":"","overlay-gradient":""},"mobile":{"background-color":"var(--ast-global-color-5)","background-image":"","background-repeat":"repeat","background-position":"center center","background-size":"auto","background-attachment":"scroll","background-type":"","background-media":"","overlay-type":"","overlay-color":"","overlay-opacity":"","overlay-gradient":""}},"jetpack_publicize_message":"","jetpack_publicize_feature_enabled":true,"jetpack_social_post_already_shared":true,"jetpack_social_options":{"image_generator_settings":{"template":"highway","default_image_id":0,"font":"","enabled":false},"version":2}},"product_brand":[],"product_cat":[33,60],"product_tag":[],"class_list":{"0":"post-1101","1":"product","2":"type-product","3":"status-publish","4":"has-post-thumbnail","6":"product_cat-persona","7":"product_cat-hl-skyn","8":"desktop-align-left","9":"tablet-align-left","10":"mobile-align-left","11":"ast-product-gallery-layout-horizontal-slider","12":"ast-product-tabs-layout-horizontal","14":"first","15":"instock","16":"shipping-taxable","17":"purchasable","18":"product-type-simple"},"yoast_head":"<!-- This site is optimized with the Yoast SEO Premium plugin v26.9 (Yoast SEO v26.9) - https:\/\/yoast.com\/product\/yoast-seo-premium-wordpress\/ -->\n<title>HL\/Skin Siero Niacinamide 10% 30 ml - My Hlife<\/title>\n<meta name=\"description\" content=\"Aggiorna la tua bellezza con HL\/Skin Siero Niacinamide! Rinnova la tua pelle con ingredienti idratanti che rendono il tuo viso radioso.\" \/>\n<meta name=\"robots\" content=\"index, follow, max-snippet:-1, max-image-preview:large, max-video-preview:-1\" \/>\n<link rel=\"canonical\" href=\"https:\/\/it.nutri4fit.com\/myhlife\/product\/hl-skin-siero-niacinamide-10-30-ml\/\" \/>\n<meta property=\"og:locale\" content=\"it_IT\" \/>\n<meta property=\"og:type\" content=\"article\" \/>\n<meta property=\"og:title\" content=\"HL\/Skin Siero Niacinamide 10% 30 ml\" \/>\n<meta property=\"og:description\" content=\"Aggiorna la tua bellezza con HL\/Skin Siero Niacinamide! Rinnova la tua pelle con ingredienti idratanti che rendono il tuo viso radioso.\" \/>\n<meta property=\"og:url\" content=\"https:\/\/it.nutri4fit.com\/myhlife\/product\/hl-skin-siero-niacinamide-10-30-ml\/\" \/>\n<meta property=\"og:site_name\" content=\"My Hlife\" \/>\n<meta property=\"article:modified_time\" content=\"2026-02-16T09:32:52+00:00\" \/>\n<meta property=\"og:image\" content=\"https:\/\/it.nutri4fit.com\/myhlife\/wp-content\/uploads\/sites\/10\/2025\/12\/cq5dam.web_.800.800.png\" \/>\n\t<meta property=\"og:image:width\" content=\"800\" \/>\n\t<meta property=\"og:image:height\" content=\"800\" \/>\n\t<meta property=\"og:image:type\" content=\"image\/png\" \/>\n<meta name=\"twitter:card\" content=\"summary_large_image\" \/>\n<meta name=\"twitter:label1\" content=\"Tempo di lettura stimato\" \/>\n\t<meta name=\"twitter:data1\" content=\"2 minuti\" \/>\n<script type=\"application\/ld+json\" class=\"yoast-schema-graph\">{\"@context\":\"https:\/\/schema.org\",\"@graph\":[{\"@type\":\"WebPage\",\"@id\":\"https:\/\/it.nutri4fit.com\/myhlife\/product\/hl-skin-siero-niacinamide-10-30-ml\/\",\"url\":\"https:\/\/it.nutri4fit.com\/myhlife\/product\/hl-skin-siero-niacinamide-10-30-ml\/\",\"name\":\"HL\/Skin Siero Niacinamide 10% 30 ml - My Hlife\",\"isPartOf\":{\"@id\":\"https:\/\/it.nutri4fit.com\/myhlife\/#website\"},\"primaryImageOfPage\":{\"@id\":\"https:\/\/it.nutri4fit.com\/myhlife\/product\/hl-skin-siero-niacinamide-10-30-ml\/#primaryimage\"},\"image\":{\"@id\":\"https:\/\/it.nutri4fit.com\/myhlife\/product\/hl-skin-siero-niacinamide-10-30-ml\/#primaryimage\"},\"thumbnailUrl\":\"https:\/\/it.nutri4fit.com\/myhlife\/wp-content\/uploads\/sites\/10\/2025\/12\/cq5dam.web_.800.800.png\",\"datePublished\":\"2025-12-09T15:12:31+00:00\",\"dateModified\":\"2026-02-16T09:32:52+00:00\",\"description\":\"Aggiorna la tua bellezza con HL\/Skin Siero Niacinamide! Rinnova la tua pelle con ingredienti idratanti che rendono il tuo viso radioso.\",\"breadcrumb\":{\"@id\":\"https:\/\/it.nutri4fit.com\/myhlife\/product\/hl-skin-siero-niacinamide-10-30-ml\/#breadcrumb\"},\"inLanguage\":\"it-IT\",\"potentialAction\":[{\"@type\":\"ReadAction\",\"target\":[\"https:\/\/it.nutri4fit.com\/myhlife\/product\/hl-skin-siero-niacinamide-10-30-ml\/\"]}]},{\"@type\":\"ImageObject\",\"inLanguage\":\"it-IT\",\"@id\":\"https:\/\/it.nutri4fit.com\/myhlife\/product\/hl-skin-siero-niacinamide-10-30-ml\/#primaryimage\",\"url\":\"https:\/\/it.nutri4fit.com\/myhlife\/wp-content\/uploads\/sites\/10\/2025\/12\/cq5dam.web_.800.800.png\",\"contentUrl\":\"https:\/\/it.nutri4fit.com\/myhlife\/wp-content\/uploads\/sites\/10\/2025\/12\/cq5dam.web_.800.800.png\",\"width\":800,\"height\":800,\"caption\":\"siero niacinamide\"},{\"@type\":\"BreadcrumbList\",\"@id\":\"https:\/\/it.nutri4fit.com\/myhlife\/product\/hl-skin-siero-niacinamide-10-30-ml\/#breadcrumb\",\"itemListElement\":[{\"@type\":\"ListItem\",\"position\":1,\"name\":\"Home\",\"item\":\"https:\/\/it.nutri4fit.com\/myhlife\/\"},{\"@type\":\"ListItem\",\"position\":2,\"name\":\"Shop\",\"item\":\"https:\/\/it.nutri4fit.com\/myhlife\/shop\/\"},{\"@type\":\"ListItem\",\"position\":3,\"name\":\"HL\/Skin Siero Niacinamide 10% 30 ml\"}]},{\"@type\":\"WebSite\",\"@id\":\"https:\/\/it.nutri4fit.com\/myhlife\/#website\",\"url\":\"https:\/\/it.nutri4fit.com\/myhlife\/\",\"name\":\"My Hlife\",\"description\":\"\",\"publisher\":{\"@id\":\"https:\/\/it.nutri4fit.com\/myhlife\/#organization\"},\"potentialAction\":[{\"@type\":\"SearchAction\",\"target\":{\"@type\":\"EntryPoint\",\"urlTemplate\":\"https:\/\/it.nutri4fit.com\/myhlife\/?s={search_term_string}\"},\"query-input\":{\"@type\":\"PropertyValueSpecification\",\"valueRequired\":true,\"valueName\":\"search_term_string\"}}],\"inLanguage\":\"it-IT\"},{\"@type\":\"Organization\",\"@id\":\"https:\/\/it.nutri4fit.com\/myhlife\/#organization\",\"name\":\"Nutri4fit.com - My Hlife\",\"url\":\"https:\/\/it.nutri4fit.com\/myhlife\/\",\"logo\":{\"@type\":\"ImageObject\",\"inLanguage\":\"it-IT\",\"@id\":\"https:\/\/it.nutri4fit.com\/myhlife\/#\/schema\/logo\/image\/\",\"url\":\"https:\/\/it.nutri4fit.com\/myhlife\/wp-content\/uploads\/sites\/10\/2026\/01\/logoNutri4Fit.png\",\"contentUrl\":\"https:\/\/it.nutri4fit.com\/myhlife\/wp-content\/uploads\/sites\/10\/2026\/01\/logoNutri4Fit.png\",\"width\":500,\"height\":500,\"caption\":\"Nutri4fit.com - My Hlife\"},\"image\":{\"@id\":\"https:\/\/it.nutri4fit.com\/myhlife\/#\/schema\/logo\/image\/\"},\"sameAs\":[\"https:\/\/www.instagram.com\/nutri4fit_myhlife_it\/\"]}]}<\/script>\n<!-- \/ Yoast SEO Premium plugin. -->","yoast_head_json":{"title":"HL\/Skin Siero Niacinamide 10% 30 ml - My Hlife","description":"Aggiorna la tua bellezza con HL\/Skin Siero Niacinamide! Rinnova la tua pelle con ingredienti idratanti che rendono il tuo viso radioso.","robots":{"index":"index","follow":"follow","max-snippet":"max-snippet:-1","max-image-preview":"max-image-preview:large","max-video-preview":"max-video-preview:-1"},"canonical":"https:\/\/it.nutri4fit.com\/myhlife\/product\/hl-skin-siero-niacinamide-10-30-ml\/","og_locale":"it_IT","og_type":"article","og_title":"HL\/Skin Siero Niacinamide 10% 30 ml","og_description":"Aggiorna la tua bellezza con HL\/Skin Siero Niacinamide! Rinnova la tua pelle con ingredienti idratanti che rendono il tuo viso radioso.","og_url":"https:\/\/it.nutri4fit.com\/myhlife\/product\/hl-skin-siero-niacinamide-10-30-ml\/","og_site_name":"My Hlife","article_modified_time":"2026-02-16T09:32:52+00:00","og_image":[{"width":800,"height":800,"url":"https:\/\/it.nutri4fit.com\/myhlife\/wp-content\/uploads\/sites\/10\/2025\/12\/cq5dam.web_.800.800.png","type":"image\/png"}],"twitter_card":"summary_large_image","twitter_misc":{"Tempo di lettura stimato":"2 minuti"},"schema":{"@context":"https:\/\/schema.org","@graph":[{"@type":"WebPage","@id":"https:\/\/it.nutri4fit.com\/myhlife\/product\/hl-skin-siero-niacinamide-10-30-ml\/","url":"https:\/\/it.nutri4fit.com\/myhlife\/product\/hl-skin-siero-niacinamide-10-30-ml\/","name":"HL\/Skin Siero Niacinamide 10% 30 ml - My Hlife","isPartOf":{"@id":"https:\/\/it.nutri4fit.com\/myhlife\/#website"},"primaryImageOfPage":{"@id":"https:\/\/it.nutri4fit.com\/myhlife\/product\/hl-skin-siero-niacinamide-10-30-ml\/#primaryimage"},"image":{"@id":"https:\/\/it.nutri4fit.com\/myhlife\/product\/hl-skin-siero-niacinamide-10-30-ml\/#primaryimage"},"thumbnailUrl":"https:\/\/it.nutri4fit.com\/myhlife\/wp-content\/uploads\/sites\/10\/2025\/12\/cq5dam.web_.800.800.png","datePublished":"2025-12-09T15:12:31+00:00","dateModified":"2026-02-16T09:32:52+00:00","description":"Aggiorna la tua bellezza con HL\/Skin Siero Niacinamide! Rinnova la tua pelle con ingredienti idratanti che rendono il tuo viso radioso.","breadcrumb":{"@id":"https:\/\/it.nutri4fit.com\/myhlife\/product\/hl-skin-siero-niacinamide-10-30-ml\/#breadcrumb"},"inLanguage":"it-IT","potentialAction":[{"@type":"ReadAction","target":["https:\/\/it.nutri4fit.com\/myhlife\/product\/hl-skin-siero-niacinamide-10-30-ml\/"]}]},{"@type":"ImageObject","inLanguage":"it-IT","@id":"https:\/\/it.nutri4fit.com\/myhlife\/product\/hl-skin-siero-niacinamide-10-30-ml\/#primaryimage","url":"https:\/\/it.nutri4fit.com\/myhlife\/wp-content\/uploads\/sites\/10\/2025\/12\/cq5dam.web_.800.800.png","contentUrl":"https:\/\/it.nutri4fit.com\/myhlife\/wp-content\/uploads\/sites\/10\/2025\/12\/cq5dam.web_.800.800.png","width":800,"height":800,"caption":"siero niacinamide"},{"@type":"BreadcrumbList","@id":"https:\/\/it.nutri4fit.com\/myhlife\/product\/hl-skin-siero-niacinamide-10-30-ml\/#breadcrumb","itemListElement":[{"@type":"ListItem","position":1,"name":"Home","item":"https:\/\/it.nutri4fit.com\/myhlife\/"},{"@type":"ListItem","position":2,"name":"Shop","item":"https:\/\/it.nutri4fit.com\/myhlife\/shop\/"},{"@type":"ListItem","position":3,"name":"HL\/Skin Siero Niacinamide 10% 30 ml"}]},{"@type":"WebSite","@id":"https:\/\/it.nutri4fit.com\/myhlife\/#website","url":"https:\/\/it.nutri4fit.com\/myhlife\/","name":"My Hlife","description":"","publisher":{"@id":"https:\/\/it.nutri4fit.com\/myhlife\/#organization"},"potentialAction":[{"@type":"SearchAction","target":{"@type":"EntryPoint","urlTemplate":"https:\/\/it.nutri4fit.com\/myhlife\/?s={search_term_string}"},"query-input":{"@type":"PropertyValueSpecification","valueRequired":true,"valueName":"search_term_string"}}],"inLanguage":"it-IT"},{"@type":"Organization","@id":"https:\/\/it.nutri4fit.com\/myhlife\/#organization","name":"Nutri4fit.com - My Hlife","url":"https:\/\/it.nutri4fit.com\/myhlife\/","logo":{"@type":"ImageObject","inLanguage":"it-IT","@id":"https:\/\/it.nutri4fit.com\/myhlife\/#\/schema\/logo\/image\/","url":"https:\/\/it.nutri4fit.com\/myhlife\/wp-content\/uploads\/sites\/10\/2026\/01\/logoNutri4Fit.png","contentUrl":"https:\/\/it.nutri4fit.com\/myhlife\/wp-content\/uploads\/sites\/10\/2026\/01\/logoNutri4Fit.png","width":500,"height":500,"caption":"Nutri4fit.com - My Hlife"},"image":{"@id":"https:\/\/it.nutri4fit.com\/myhlife\/#\/schema\/logo\/image\/"},"sameAs":["https:\/\/www.instagram.com\/nutri4fit_myhlife_it\/"]}]}},"jetpack_publicize_connections":[],"jetpack_sharing_enabled":true,"_links":{"self":[{"href":"https:\/\/it.nutri4fit.com\/myhlife\/wp-json\/wp\/v2\/product\/1101","targetHints":{"allow":["GET"]}}],"collection":[{"href":"https:\/\/it.nutri4fit.com\/myhlife\/wp-json\/wp\/v2\/product"}],"about":[{"href":"https:\/\/it.nutri4fit.com\/myhlife\/wp-json\/wp\/v2\/types\/product"}],"replies":[{"embeddable":true,"href":"https:\/\/it.nutri4fit.com\/myhlife\/wp-json\/wp\/v2\/comments?post=1101"}],"wp:featuredmedia":[{"embeddable":true,"href":"https:\/\/it.nutri4fit.com\/myhlife\/wp-json\/wp\/v2\/media\/1102"}],"wp:attachment":[{"href":"https:\/\/it.nutri4fit.com\/myhlife\/wp-json\/wp\/v2\/media?parent=1101"}],"wp:term":[{"taxonomy":"product_brand","embeddable":true,"href":"https:\/\/it.nutri4fit.com\/myhlife\/wp-json\/wp\/v2\/product_brand?post=1101"},{"taxonomy":"product_cat","embeddable":true,"href":"https:\/\/it.nutri4fit.com\/myhlife\/wp-json\/wp\/v2\/product_cat?post=1101"},{"taxonomy":"product_tag","embeddable":true,"href":"https:\/\/it.nutri4fit.com\/myhlife\/wp-json\/wp\/v2\/product_tag?post=1101"}],"curies":[{"name":"wp","href":"https:\/\/api.w.org\/{rel}","templated":true}]}}