{"id":1107,"date":"2025-12-09T16:36:02","date_gmt":"2025-12-09T15:36:02","guid":{"rendered":"https:\/\/it.nutri4fit.com\/myhlife\/?post_type=product&#038;p=1107"},"modified":"2026-02-16T10:31:27","modified_gmt":"2026-02-16T09:31:27","slug":"hl-skin-crema-ultimate-tension-50-ml","status":"publish","type":"product","link":"https:\/\/it.nutri4fit.com\/myhlife\/product\/hl-skin-crema-ultimate-tension-50-ml\/","title":{"rendered":"HL\/Skin Crema Ultimate Tension 50 ml"},"content":{"rendered":"<h3 id=\"info-toggle\">Descrizione del prodotto<\/h3>\n<div class=\"info-content\">\n<article>Avvolgi la tua pelle in una coccola di idratazione con HL\/Skin Crema Ultimate Tension, una crema ricca e vellutata, sviluppata grazie alle pi\u00f9 recenti innovazioni della skincare coreana. Formulata con Adenosina, Niacinamide e Vitamina B5, idrata fino a 8 ore, rafforza la barriera cutanea e dona alla pelle un aspetto pi\u00f9 levigato, morbido e luminoso.Questa crema nutriente dona luminosit\u00e0, radiosit\u00e0 ed elasticit\u00e0 alla pelle, migliorandone la grana e riducendone la ruvidit\u00e0 nel tempo3.<br \/>\n\u00c8 adatta a tutti i tipi di pelle e non contiene parabeni aggiunti, \u00e8 delicata, ma efficace e dona alla pelle una sensazione di morbidezza e un aspetto sano e radioso.<\/p>\n<h5 data-bind=\"visible: KeyBenefits\">Propriet\u00e0 principali<\/h5>\n<div class=\"disc\" data-bind=\"visible: KeyBenefits, html: KeyBenefits\">\n<p>HL\/Skin Crema Ultimate Tension:<\/p>\n<p>\u2022 \u00c8 supportata dall&#8217;avanzata skincare coreana<\/p>\n<p>\u2022 \u00c8 dermatologicamente testata<\/p>\n<p>\u2022 \u00c8 oftalmologicamente testata<\/p>\n<p>\u2022 Garantisce fino a 8 ore di idratazione2<\/p>\n<p>\u2022 Migliora l&#8217;elasticit\u00e0 della pelle e la barriera cutanea3<\/p>\n<p>\u2022 Migliora la morbidezza1,3 e la grana della pelle3<\/p>\n<p>\u2022 Il 100% delle persone coinvolte nei test ha percepito un miglioramento dell\u2019elasticit\u00e0, della morbidezza e dell\u2019idratazione della pelle4<\/p>\n<p>\u2022 Il 97% concorda nel ritenere che il prodotto abbia contribuito a un effetto \u201cglass skin\u201d4<\/p>\n<p>\u2022 Ha una texture ricca e vellutata<\/p>\n<p>\u2022 Perfetta da applicare prima del make-up<\/p>\n<p>\u2022 Adatta a tutti i tipi di pelle<\/p>\n<p>\u2022 Senza parabeni aggiunti<\/p>\n<p>&nbsp;<\/p>\n<p>1 Testata su 35 donne, di et\u00e0 compresa tra 41 e 60 anni. Risultati valutati mediante misurazioni strumentali dopo l\u2019uso immediato e dopo 30 giorni di utilizzo<\/p>\n<p>2 Testata su 32 donne, di et\u00e0 compresa tra 25 e 60. Risultati valutati mediante misurazioni strumentali<br \/>\n3 Testata su 35 donne, di et\u00e0 compresa tra\u00a0 41 e 60. Risultati valutati mediante misurazioni strumentali dopo 60 giorni di utilizzo<br \/>\n4 Secondo un\u2019autovalutazione condotta su 35 donne di et\u00e0 compresa fra 41 e 60, dopo 60 giorni di utilizzo<\/p>\n<\/div>\n<h5 data-bind=\"visible: FastFacts\">In breve<\/h5>\n<div class=\"disc\" data-bind=\"visible: FastFacts, html: FastFacts\">\n<p>Una crema per il viso dalla texture ricca e vellutata per contrastare le rughe e aumentare l&#8217;elasticit\u00e0 della pelle.<\/p>\n<\/div>\n<h5 data-bind=\"visible: Usage\">Modalit\u00e0 d&#8217;uso<\/h5>\n<div class=\"disc\" data-bind=\"visible: Usage, html: Usage\">\n<p>Applicare sulla pelle pulita e asciutta ogni mattina, massaggiando delicatamente su viso e collo con movimenti verso l\u2019alto.<\/p>\n<p>Applicare una protezione SPF durante il giorno.<\/p>\n<p>Massaggiare delicatamente la pelle con il nostro Gua Sha di giada bianca.<\/p>\n<\/div>\n<\/article>\n<\/div>\n","protected":false},"excerpt":{"rendered":"<p><a href=\"https:\/\/www.herbalife.com\/assets\/market-reusable-assets\/emea\/italy\/documents\/product-label\/pl-513k-it.pdf\" target=\"_blank\" rel=\"noopener\" data-bind=\"visible: LabelPDF, attr: {href: LabelPDF}\">Ingredienti<\/a><\/p>\n","protected":false},"featured_media":1108,"comment_status":"open","ping_status":"closed","template":"","meta":{"_monsterinsights_skip_tracking":false,"_monsterinsights_sitenote_active":false,"_monsterinsights_sitenote_note":"","_monsterinsights_sitenote_category":0,"site-sidebar-layout":"default","site-content-layout":"","ast-site-content-layout":"default","site-content-style":"default","site-sidebar-style":"default","ast-global-header-display":"","ast-banner-title-visibility":"","ast-main-header-display":"","ast-hfb-above-header-display":"","ast-hfb-below-header-display":"","ast-hfb-mobile-header-display":"","site-post-title":"","ast-breadcrumbs-content":"","ast-featured-img":"","footer-sml-layout":"","ast-disable-related-posts":"","theme-transparent-header-meta":"default","adv-header-id-meta":"","stick-header-meta":"default","header-above-stick-meta":"","header-main-stick-meta":"","header-below-stick-meta":"","astra-migrate-meta-layouts":"set","ast-page-background-enabled":"default","ast-page-background-meta":{"desktop":{"background-color":"var(--ast-global-color-4)","background-image":"","background-repeat":"repeat","background-position":"center center","background-size":"auto","background-attachment":"scroll","background-type":"","background-media":"","overlay-type":"","overlay-color":"","overlay-opacity":"","overlay-gradient":""},"tablet":{"background-color":"","background-image":"","background-repeat":"repeat","background-position":"center center","background-size":"auto","background-attachment":"scroll","background-type":"","background-media":"","overlay-type":"","overlay-color":"","overlay-opacity":"","overlay-gradient":""},"mobile":{"background-color":"","background-image":"","background-repeat":"repeat","background-position":"center center","background-size":"auto","background-attachment":"scroll","background-type":"","background-media":"","overlay-type":"","overlay-color":"","overlay-opacity":"","overlay-gradient":""}},"ast-content-background-meta":{"desktop":{"background-color":"var(--ast-global-color-5)","background-image":"","background-repeat":"repeat","background-position":"center center","background-size":"auto","background-attachment":"scroll","background-type":"","background-media":"","overlay-type":"","overlay-color":"","overlay-opacity":"","overlay-gradient":""},"tablet":{"background-color":"var(--ast-global-color-5)","background-image":"","background-repeat":"repeat","background-position":"center center","background-size":"auto","background-attachment":"scroll","background-type":"","background-media":"","overlay-type":"","overlay-color":"","overlay-opacity":"","overlay-gradient":""},"mobile":{"background-color":"var(--ast-global-color-5)","background-image":"","background-repeat":"repeat","background-position":"center center","background-size":"auto","background-attachment":"scroll","background-type":"","background-media":"","overlay-type":"","overlay-color":"","overlay-opacity":"","overlay-gradient":""}},"jetpack_publicize_message":"","jetpack_publicize_feature_enabled":true,"jetpack_social_post_already_shared":true,"jetpack_social_options":{"image_generator_settings":{"template":"highway","default_image_id":0,"font":"","enabled":false},"version":2}},"product_brand":[],"product_cat":[33,60],"product_tag":[],"class_list":{"0":"post-1107","1":"product","2":"type-product","3":"status-publish","4":"has-post-thumbnail","6":"product_cat-persona","7":"product_cat-hl-skyn","8":"desktop-align-left","9":"tablet-align-left","10":"mobile-align-left","11":"ast-product-gallery-layout-horizontal-slider","12":"ast-product-tabs-layout-horizontal","14":"first","15":"instock","16":"shipping-taxable","17":"purchasable","18":"product-type-simple"},"yoast_head":"<!-- This site is optimized with the Yoast SEO Premium plugin v26.9 (Yoast SEO v26.9) - https:\/\/yoast.com\/product\/yoast-seo-premium-wordpress\/ -->\n<title>HL\/Skin Crema Ultimate Tension 50 ml - My Hlife<\/title>\n<meta name=\"description\" content=\"Esplora la potenza idratante di HL\/Skin Crema Ultimate Tension. Ristruttura la tua pelle con questa crema vellutata e sorprendente!\" \/>\n<meta name=\"robots\" content=\"index, follow, max-snippet:-1, max-image-preview:large, max-video-preview:-1\" \/>\n<link rel=\"canonical\" href=\"https:\/\/it.nutri4fit.com\/myhlife\/product\/hl-skin-crema-ultimate-tension-50-ml\/\" \/>\n<meta property=\"og:locale\" content=\"it_IT\" \/>\n<meta property=\"og:type\" content=\"article\" \/>\n<meta property=\"og:title\" content=\"HL\/Skin Crema Ultimate Tension 50 ml\" \/>\n<meta property=\"og:description\" content=\"Esplora la potenza idratante di HL\/Skin Crema Ultimate Tension. Ristruttura la tua pelle con questa crema vellutata e sorprendente!\" \/>\n<meta property=\"og:url\" content=\"https:\/\/it.nutri4fit.com\/myhlife\/product\/hl-skin-crema-ultimate-tension-50-ml\/\" \/>\n<meta property=\"og:site_name\" content=\"My Hlife\" \/>\n<meta property=\"article:modified_time\" content=\"2026-02-16T09:31:27+00:00\" \/>\n<meta property=\"og:image\" content=\"https:\/\/it.nutri4fit.com\/myhlife\/wp-content\/uploads\/sites\/10\/2025\/12\/crema.png\" \/>\n\t<meta property=\"og:image:width\" content=\"800\" \/>\n\t<meta property=\"og:image:height\" content=\"800\" \/>\n\t<meta property=\"og:image:type\" content=\"image\/png\" \/>\n<meta name=\"twitter:card\" content=\"summary_large_image\" \/>\n<meta name=\"twitter:label1\" content=\"Tempo di lettura stimato\" \/>\n\t<meta name=\"twitter:data1\" content=\"3 minuti\" \/>\n<script type=\"application\/ld+json\" class=\"yoast-schema-graph\">{\"@context\":\"https:\/\/schema.org\",\"@graph\":[{\"@type\":\"WebPage\",\"@id\":\"https:\/\/it.nutri4fit.com\/myhlife\/product\/hl-skin-crema-ultimate-tension-50-ml\/\",\"url\":\"https:\/\/it.nutri4fit.com\/myhlife\/product\/hl-skin-crema-ultimate-tension-50-ml\/\",\"name\":\"HL\/Skin Crema Ultimate Tension 50 ml - My Hlife\",\"isPartOf\":{\"@id\":\"https:\/\/it.nutri4fit.com\/myhlife\/#website\"},\"primaryImageOfPage\":{\"@id\":\"https:\/\/it.nutri4fit.com\/myhlife\/product\/hl-skin-crema-ultimate-tension-50-ml\/#primaryimage\"},\"image\":{\"@id\":\"https:\/\/it.nutri4fit.com\/myhlife\/product\/hl-skin-crema-ultimate-tension-50-ml\/#primaryimage\"},\"thumbnailUrl\":\"https:\/\/it.nutri4fit.com\/myhlife\/wp-content\/uploads\/sites\/10\/2025\/12\/crema.png\",\"datePublished\":\"2025-12-09T15:36:02+00:00\",\"dateModified\":\"2026-02-16T09:31:27+00:00\",\"description\":\"Esplora la potenza idratante di HL\/Skin Crema Ultimate Tension. Ristruttura la tua pelle con questa crema vellutata e sorprendente!\",\"breadcrumb\":{\"@id\":\"https:\/\/it.nutri4fit.com\/myhlife\/product\/hl-skin-crema-ultimate-tension-50-ml\/#breadcrumb\"},\"inLanguage\":\"it-IT\",\"potentialAction\":[{\"@type\":\"ReadAction\",\"target\":[\"https:\/\/it.nutri4fit.com\/myhlife\/product\/hl-skin-crema-ultimate-tension-50-ml\/\"]}]},{\"@type\":\"ImageObject\",\"inLanguage\":\"it-IT\",\"@id\":\"https:\/\/it.nutri4fit.com\/myhlife\/product\/hl-skin-crema-ultimate-tension-50-ml\/#primaryimage\",\"url\":\"https:\/\/it.nutri4fit.com\/myhlife\/wp-content\/uploads\/sites\/10\/2025\/12\/crema.png\",\"contentUrl\":\"https:\/\/it.nutri4fit.com\/myhlife\/wp-content\/uploads\/sites\/10\/2025\/12\/crema.png\",\"width\":800,\"height\":800,\"caption\":\"crema ultimate tension\"},{\"@type\":\"BreadcrumbList\",\"@id\":\"https:\/\/it.nutri4fit.com\/myhlife\/product\/hl-skin-crema-ultimate-tension-50-ml\/#breadcrumb\",\"itemListElement\":[{\"@type\":\"ListItem\",\"position\":1,\"name\":\"Home\",\"item\":\"https:\/\/it.nutri4fit.com\/myhlife\/\"},{\"@type\":\"ListItem\",\"position\":2,\"name\":\"Shop\",\"item\":\"https:\/\/it.nutri4fit.com\/myhlife\/shop\/\"},{\"@type\":\"ListItem\",\"position\":3,\"name\":\"HL\/Skin Crema Ultimate Tension 50 ml\"}]},{\"@type\":\"WebSite\",\"@id\":\"https:\/\/it.nutri4fit.com\/myhlife\/#website\",\"url\":\"https:\/\/it.nutri4fit.com\/myhlife\/\",\"name\":\"My Hlife\",\"description\":\"\",\"publisher\":{\"@id\":\"https:\/\/it.nutri4fit.com\/myhlife\/#organization\"},\"potentialAction\":[{\"@type\":\"SearchAction\",\"target\":{\"@type\":\"EntryPoint\",\"urlTemplate\":\"https:\/\/it.nutri4fit.com\/myhlife\/?s={search_term_string}\"},\"query-input\":{\"@type\":\"PropertyValueSpecification\",\"valueRequired\":true,\"valueName\":\"search_term_string\"}}],\"inLanguage\":\"it-IT\"},{\"@type\":\"Organization\",\"@id\":\"https:\/\/it.nutri4fit.com\/myhlife\/#organization\",\"name\":\"Nutri4fit.com - My Hlife\",\"url\":\"https:\/\/it.nutri4fit.com\/myhlife\/\",\"logo\":{\"@type\":\"ImageObject\",\"inLanguage\":\"it-IT\",\"@id\":\"https:\/\/it.nutri4fit.com\/myhlife\/#\/schema\/logo\/image\/\",\"url\":\"https:\/\/it.nutri4fit.com\/myhlife\/wp-content\/uploads\/sites\/10\/2026\/01\/logoNutri4Fit.png\",\"contentUrl\":\"https:\/\/it.nutri4fit.com\/myhlife\/wp-content\/uploads\/sites\/10\/2026\/01\/logoNutri4Fit.png\",\"width\":500,\"height\":500,\"caption\":\"Nutri4fit.com - My Hlife\"},\"image\":{\"@id\":\"https:\/\/it.nutri4fit.com\/myhlife\/#\/schema\/logo\/image\/\"},\"sameAs\":[\"https:\/\/www.instagram.com\/nutri4fit_myhlife_it\/\"]}]}<\/script>\n<!-- \/ Yoast SEO Premium plugin. -->","yoast_head_json":{"title":"HL\/Skin Crema Ultimate Tension 50 ml - My Hlife","description":"Esplora la potenza idratante di HL\/Skin Crema Ultimate Tension. Ristruttura la tua pelle con questa crema vellutata e sorprendente!","robots":{"index":"index","follow":"follow","max-snippet":"max-snippet:-1","max-image-preview":"max-image-preview:large","max-video-preview":"max-video-preview:-1"},"canonical":"https:\/\/it.nutri4fit.com\/myhlife\/product\/hl-skin-crema-ultimate-tension-50-ml\/","og_locale":"it_IT","og_type":"article","og_title":"HL\/Skin Crema Ultimate Tension 50 ml","og_description":"Esplora la potenza idratante di HL\/Skin Crema Ultimate Tension. Ristruttura la tua pelle con questa crema vellutata e sorprendente!","og_url":"https:\/\/it.nutri4fit.com\/myhlife\/product\/hl-skin-crema-ultimate-tension-50-ml\/","og_site_name":"My Hlife","article_modified_time":"2026-02-16T09:31:27+00:00","og_image":[{"width":800,"height":800,"url":"https:\/\/it.nutri4fit.com\/myhlife\/wp-content\/uploads\/sites\/10\/2025\/12\/crema.png","type":"image\/png"}],"twitter_card":"summary_large_image","twitter_misc":{"Tempo di lettura stimato":"3 minuti"},"schema":{"@context":"https:\/\/schema.org","@graph":[{"@type":"WebPage","@id":"https:\/\/it.nutri4fit.com\/myhlife\/product\/hl-skin-crema-ultimate-tension-50-ml\/","url":"https:\/\/it.nutri4fit.com\/myhlife\/product\/hl-skin-crema-ultimate-tension-50-ml\/","name":"HL\/Skin Crema Ultimate Tension 50 ml - My Hlife","isPartOf":{"@id":"https:\/\/it.nutri4fit.com\/myhlife\/#website"},"primaryImageOfPage":{"@id":"https:\/\/it.nutri4fit.com\/myhlife\/product\/hl-skin-crema-ultimate-tension-50-ml\/#primaryimage"},"image":{"@id":"https:\/\/it.nutri4fit.com\/myhlife\/product\/hl-skin-crema-ultimate-tension-50-ml\/#primaryimage"},"thumbnailUrl":"https:\/\/it.nutri4fit.com\/myhlife\/wp-content\/uploads\/sites\/10\/2025\/12\/crema.png","datePublished":"2025-12-09T15:36:02+00:00","dateModified":"2026-02-16T09:31:27+00:00","description":"Esplora la potenza idratante di HL\/Skin Crema Ultimate Tension. Ristruttura la tua pelle con questa crema vellutata e sorprendente!","breadcrumb":{"@id":"https:\/\/it.nutri4fit.com\/myhlife\/product\/hl-skin-crema-ultimate-tension-50-ml\/#breadcrumb"},"inLanguage":"it-IT","potentialAction":[{"@type":"ReadAction","target":["https:\/\/it.nutri4fit.com\/myhlife\/product\/hl-skin-crema-ultimate-tension-50-ml\/"]}]},{"@type":"ImageObject","inLanguage":"it-IT","@id":"https:\/\/it.nutri4fit.com\/myhlife\/product\/hl-skin-crema-ultimate-tension-50-ml\/#primaryimage","url":"https:\/\/it.nutri4fit.com\/myhlife\/wp-content\/uploads\/sites\/10\/2025\/12\/crema.png","contentUrl":"https:\/\/it.nutri4fit.com\/myhlife\/wp-content\/uploads\/sites\/10\/2025\/12\/crema.png","width":800,"height":800,"caption":"crema ultimate tension"},{"@type":"BreadcrumbList","@id":"https:\/\/it.nutri4fit.com\/myhlife\/product\/hl-skin-crema-ultimate-tension-50-ml\/#breadcrumb","itemListElement":[{"@type":"ListItem","position":1,"name":"Home","item":"https:\/\/it.nutri4fit.com\/myhlife\/"},{"@type":"ListItem","position":2,"name":"Shop","item":"https:\/\/it.nutri4fit.com\/myhlife\/shop\/"},{"@type":"ListItem","position":3,"name":"HL\/Skin Crema Ultimate Tension 50 ml"}]},{"@type":"WebSite","@id":"https:\/\/it.nutri4fit.com\/myhlife\/#website","url":"https:\/\/it.nutri4fit.com\/myhlife\/","name":"My Hlife","description":"","publisher":{"@id":"https:\/\/it.nutri4fit.com\/myhlife\/#organization"},"potentialAction":[{"@type":"SearchAction","target":{"@type":"EntryPoint","urlTemplate":"https:\/\/it.nutri4fit.com\/myhlife\/?s={search_term_string}"},"query-input":{"@type":"PropertyValueSpecification","valueRequired":true,"valueName":"search_term_string"}}],"inLanguage":"it-IT"},{"@type":"Organization","@id":"https:\/\/it.nutri4fit.com\/myhlife\/#organization","name":"Nutri4fit.com - My Hlife","url":"https:\/\/it.nutri4fit.com\/myhlife\/","logo":{"@type":"ImageObject","inLanguage":"it-IT","@id":"https:\/\/it.nutri4fit.com\/myhlife\/#\/schema\/logo\/image\/","url":"https:\/\/it.nutri4fit.com\/myhlife\/wp-content\/uploads\/sites\/10\/2026\/01\/logoNutri4Fit.png","contentUrl":"https:\/\/it.nutri4fit.com\/myhlife\/wp-content\/uploads\/sites\/10\/2026\/01\/logoNutri4Fit.png","width":500,"height":500,"caption":"Nutri4fit.com - My Hlife"},"image":{"@id":"https:\/\/it.nutri4fit.com\/myhlife\/#\/schema\/logo\/image\/"},"sameAs":["https:\/\/www.instagram.com\/nutri4fit_myhlife_it\/"]}]}},"jetpack_publicize_connections":[],"jetpack_sharing_enabled":true,"_links":{"self":[{"href":"https:\/\/it.nutri4fit.com\/myhlife\/wp-json\/wp\/v2\/product\/1107","targetHints":{"allow":["GET"]}}],"collection":[{"href":"https:\/\/it.nutri4fit.com\/myhlife\/wp-json\/wp\/v2\/product"}],"about":[{"href":"https:\/\/it.nutri4fit.com\/myhlife\/wp-json\/wp\/v2\/types\/product"}],"replies":[{"embeddable":true,"href":"https:\/\/it.nutri4fit.com\/myhlife\/wp-json\/wp\/v2\/comments?post=1107"}],"wp:featuredmedia":[{"embeddable":true,"href":"https:\/\/it.nutri4fit.com\/myhlife\/wp-json\/wp\/v2\/media\/1108"}],"wp:attachment":[{"href":"https:\/\/it.nutri4fit.com\/myhlife\/wp-json\/wp\/v2\/media?parent=1107"}],"wp:term":[{"taxonomy":"product_brand","embeddable":true,"href":"https:\/\/it.nutri4fit.com\/myhlife\/wp-json\/wp\/v2\/product_brand?post=1107"},{"taxonomy":"product_cat","embeddable":true,"href":"https:\/\/it.nutri4fit.com\/myhlife\/wp-json\/wp\/v2\/product_cat?post=1107"},{"taxonomy":"product_tag","embeddable":true,"href":"https:\/\/it.nutri4fit.com\/myhlife\/wp-json\/wp\/v2\/product_tag?post=1107"}],"curies":[{"name":"wp","href":"https:\/\/api.w.org\/{rel}","templated":true}]}}