{"id":571,"date":"2024-09-09T15:22:01","date_gmt":"2024-09-09T14:22:01","guid":{"rendered":"https:\/\/it.nutri4fit.com\/myhlife\/?post_type=product&#038;p=571"},"modified":"2025-12-09T15:56:27","modified_gmt":"2025-12-09T14:56:27","slug":"phyto-complete","status":"publish","type":"product","link":"https:\/\/it.nutri4fit.com\/myhlife\/product\/phyto-complete\/","title":{"rendered":"Phyto Complete"},"content":{"rendered":"<h3 id=\"info-toggle\">Descrizione del prodotto<\/h3>\n<div class=\"info-content\">\n<article>Phyto Complete \u00e8 formulato con Fiit-NS\u2122, un ingrediente scientificamente studiato dai numerosi\u00a0<b><u>benefici<\/u><\/b>.A base di fitonutrienti, ogni capsula contiene caffeina naturale, Vitamina C, Niacina, Cromo ed estratti botanici tra cui guaran\u00e0, t\u00e8 verde, pompelmo, uva e carota nera. La Niacina e la Vitamina C contribuiscono al normale metabolismo energetico e alla riduzione della stanchezza e dell&#8217;affaticamento, mentre il Cromo contribuisce al normale metabolismo dei macronutrienti e al mantenimento di livelli normali di glucosio nel sangue.<\/p>\n<h5 data-bind=\"visible: KeyBenefits\">Propriet\u00e0 principali<\/h5>\n<div class=\"disc\" data-bind=\"visible: KeyBenefits, html: KeyBenefits\">\n<p>Formulato con Fiit-NS\u2122, scientificamente provato.<\/p>\n<p>\u00b7\u00a0\u00a0\u00a0\u00a0\u00a0\u00a0\u00a0\u00a0 Fiit-NS\u2122 \u00e8 una combinazione studiata scientificamente di Niacina ed estratti botanici tra cui guaran\u00e0, t\u00e8 verde, pompelmo,\u00a0\u00a0 uva e carota nera che contengono fitonutrienti.<br \/>\n\u00b7\u00a0\u00a0\u00a0\u00a0\u00a0\u00a0\u00a0\u00a0 Contiene caffeina naturale derivata dal guaran\u00e0<br \/>\n\u00b7\u00a0\u00a0\u00a0\u00a0\u00a0\u00a0\u00a0\u00a0 Contiene Cromo, che contribuisce al normale metabolismo dei macronutrienti e al mantenimento di livelli normali di glucosio nel sangue<br \/>\n\u00b7\u00a0\u00a0\u00a0\u00a0\u00a0\u00a0\u00a0\u00a0 Contiene Vitamina C e Niacina, che contribuiscono al normale metabolismo energetico e alla riduzione della stanchezza e dell\u2019affaticamento<br \/>\n\u00b7\u00a0\u00a0\u00a0\u00a0\u00a0\u00a0\u00a0\u00a0 Adatto ai vegani<br \/>\n\u00b7\u00a0\u00a0\u00a0\u00a0\u00a0\u00a0\u00a0\u00a0 Senza glutine<\/p>\n<\/div>\n<h5 data-bind=\"visible: FastFacts\">In breve<\/h5>\n<div class=\"disc\" data-bind=\"visible: FastFacts, html: FastFacts\">\n<p><b>Brevi FAQ sull\u2019EGCG:<\/b><\/p>\n<p><b>Che cos\u2019\u00e8 l\u2019EGCG?<\/b><br \/>\nL&#8217;EGCG, acronimo di epigallocatechina-3-gallato \u00e8 un antiossidante presente nel t\u00e8 verde.<\/p>\n<p><b>Esiste una quantit\u00e0 massima che pu\u00f2 essere consumata in modo sicuro nell&#8217;arco della giornata?<\/b><br \/>\nS\u00ec, una nuova normativa dell&#8217;UE raccomanda di non consumare pi\u00f9 di 800 mg di EGCG al giorno.<\/p>\n<p><b>Quanta EGCG contiene il Phyto Complete?<\/b><br \/>\nIl Phyto Complete ne contiene 90 mg per porzione (2 capsule).<\/p>\n<p><b>Perch\u00e9 nel Phyto Complete c\u2019\u00e8 l\u2019EGCG?<\/b><br \/>\nPerch\u00e9 il Phyto Complete \u00e8 formulato con estratto di t\u00e8 verde.<\/p>\n<p><b>Ci sono altri prodotti Herbalife Nutrition che contengono EGCG?<\/b><br \/>\nS\u00ec. Anche l\u2019Infuso a Base di Erbe contiene fino a 42 mg di EGCG per porzione.<\/p>\n<p><b>Questi prodotti possono rappresentare un rischio per la salute?<\/b><br \/>\nNo. Se consumati secondo le indicazioni in etichetta, il Phyto Complete e l\u2019Infuso a Base di Erbe non presentano problemi per la salute.<\/p>\n<\/div>\n<h5 data-bind=\"visible: Usage\">Modalit\u00e0 d&#8217;uso<\/h5>\n<div class=\"disc\" data-bind=\"visible: Usage, html: Usage\">\n<p>Consumare due capsule al giorno con i pasti.<\/p>\n<p>Gli integratori non vanno intesi quali sostituti di una dieta variata ed equilibrata e di un sano stile di vita.<\/p>\n<\/div>\n<\/article>\n<\/div>\n","protected":false},"excerpt":{"rendered":"<p><a href=\"https:\/\/assets.herbalifenutrition.com\/content\/dam\/regional\/emea\/it_it\/consumable_content\/product-catalog-assets\/pdfs\/2022\/10-Oct\/LFX236KIT-00_OP1_HiR.pdf\" target=\"_blank\" rel=\"noopener\" data-bind=\"visible: LabelPDF, attr: {href: LabelPDF}\">Ingredienti<\/a><\/p>\n","protected":false},"featured_media":572,"comment_status":"open","ping_status":"closed","template":"","meta":{"_monsterinsights_skip_tracking":false,"_monsterinsights_sitenote_active":false,"_monsterinsights_sitenote_note":"","_monsterinsights_sitenote_category":0,"site-sidebar-layout":"default","site-content-layout":"","ast-site-content-layout":"default","site-content-style":"default","site-sidebar-style":"default","ast-global-header-display":"","ast-banner-title-visibility":"","ast-main-header-display":"","ast-hfb-above-header-display":"","ast-hfb-below-header-display":"","ast-hfb-mobile-header-display":"","site-post-title":"","ast-breadcrumbs-content":"","ast-featured-img":"","footer-sml-layout":"","ast-disable-related-posts":"","theme-transparent-header-meta":"default","adv-header-id-meta":"","stick-header-meta":"default","header-above-stick-meta":"","header-main-stick-meta":"","header-below-stick-meta":"","astra-migrate-meta-layouts":"set","ast-page-background-enabled":"default","ast-page-background-meta":{"desktop":{"background-color":"var(--ast-global-color-4)","background-image":"","background-repeat":"repeat","background-position":"center center","background-size":"auto","background-attachment":"scroll","background-type":"","background-media":"","overlay-type":"","overlay-color":"","overlay-opacity":"","overlay-gradient":""},"tablet":{"background-color":"","background-image":"","background-repeat":"repeat","background-position":"center center","background-size":"auto","background-attachment":"scroll","background-type":"","background-media":"","overlay-type":"","overlay-color":"","overlay-opacity":"","overlay-gradient":""},"mobile":{"background-color":"","background-image":"","background-repeat":"repeat","background-position":"center center","background-size":"auto","background-attachment":"scroll","background-type":"","background-media":"","overlay-type":"","overlay-color":"","overlay-opacity":"","overlay-gradient":""}},"ast-content-background-meta":{"desktop":{"background-color":"var(--ast-global-color-5)","background-image":"","background-repeat":"repeat","background-position":"center center","background-size":"auto","background-attachment":"scroll","background-type":"","background-media":"","overlay-type":"","overlay-color":"","overlay-opacity":"","overlay-gradient":""},"tablet":{"background-color":"var(--ast-global-color-5)","background-image":"","background-repeat":"repeat","background-position":"center center","background-size":"auto","background-attachment":"scroll","background-type":"","background-media":"","overlay-type":"","overlay-color":"","overlay-opacity":"","overlay-gradient":""},"mobile":{"background-color":"var(--ast-global-color-5)","background-image":"","background-repeat":"repeat","background-position":"center center","background-size":"auto","background-attachment":"scroll","background-type":"","background-media":"","overlay-type":"","overlay-color":"","overlay-opacity":"","overlay-gradient":""}},"jetpack_publicize_message":"","jetpack_publicize_feature_enabled":true,"jetpack_social_post_already_shared":false,"jetpack_social_options":{"image_generator_settings":{"template":"highway","default_image_id":0,"font":"","enabled":false},"version":2}},"product_brand":[],"product_cat":[24,22],"product_tag":[],"class_list":{"0":"post-571","1":"product","2":"type-product","3":"status-publish","4":"has-post-thumbnail","6":"product_cat-controllo-del-peso","7":"product_cat-integratori-alimentari","8":"desktop-align-left","9":"tablet-align-left","10":"mobile-align-left","11":"ast-product-gallery-layout-horizontal-slider","12":"ast-product-gallery-with-no-image","13":"ast-product-tabs-layout-horizontal","15":"first","16":"instock","17":"shipping-taxable","18":"purchasable","19":"product-type-simple"},"yoast_head":"<!-- This site is optimized with the Yoast SEO Premium plugin v26.9 (Yoast SEO v26.9) - https:\/\/yoast.com\/product\/yoast-seo-premium-wordpress\/ -->\n<title>Phyto Complete - My Hlife<\/title>\n<meta name=\"robots\" content=\"index, follow, max-snippet:-1, max-image-preview:large, max-video-preview:-1\" \/>\n<link rel=\"canonical\" href=\"https:\/\/it.nutri4fit.com\/myhlife\/product\/phyto-complete\/\" \/>\n<meta property=\"og:locale\" content=\"it_IT\" \/>\n<meta property=\"og:type\" content=\"article\" \/>\n<meta property=\"og:title\" content=\"Phyto Complete\" \/>\n<meta property=\"og:description\" content=\"Ingredienti\" \/>\n<meta property=\"og:url\" content=\"https:\/\/it.nutri4fit.com\/myhlife\/product\/phyto-complete\/\" \/>\n<meta property=\"og:site_name\" content=\"My Hlife\" \/>\n<meta property=\"article:modified_time\" content=\"2025-12-09T14:56:27+00:00\" \/>\n<meta property=\"og:image\" content=\"https:\/\/it.nutri4fit.com\/myhlife\/wp-content\/uploads\/sites\/10\/2024\/09\/phyto.jpeg\" \/>\n\t<meta property=\"og:image:width\" content=\"800\" \/>\n\t<meta property=\"og:image:height\" content=\"800\" \/>\n\t<meta property=\"og:image:type\" content=\"image\/jpeg\" \/>\n<meta name=\"twitter:card\" content=\"summary_large_image\" \/>\n<meta name=\"twitter:label1\" content=\"Tempo di lettura stimato\" \/>\n\t<meta name=\"twitter:data1\" content=\"2 minuti\" \/>\n<script type=\"application\/ld+json\" class=\"yoast-schema-graph\">{\"@context\":\"https:\/\/schema.org\",\"@graph\":[{\"@type\":\"WebPage\",\"@id\":\"https:\/\/it.nutri4fit.com\/myhlife\/product\/phyto-complete\/\",\"url\":\"https:\/\/it.nutri4fit.com\/myhlife\/product\/phyto-complete\/\",\"name\":\"Phyto Complete - My Hlife\",\"isPartOf\":{\"@id\":\"https:\/\/it.nutri4fit.com\/myhlife\/#website\"},\"primaryImageOfPage\":{\"@id\":\"https:\/\/it.nutri4fit.com\/myhlife\/product\/phyto-complete\/#primaryimage\"},\"image\":{\"@id\":\"https:\/\/it.nutri4fit.com\/myhlife\/product\/phyto-complete\/#primaryimage\"},\"thumbnailUrl\":\"https:\/\/it.nutri4fit.com\/myhlife\/wp-content\/uploads\/sites\/10\/2024\/09\/phyto.jpeg\",\"datePublished\":\"2024-09-09T14:22:01+00:00\",\"dateModified\":\"2025-12-09T14:56:27+00:00\",\"breadcrumb\":{\"@id\":\"https:\/\/it.nutri4fit.com\/myhlife\/product\/phyto-complete\/#breadcrumb\"},\"inLanguage\":\"it-IT\",\"potentialAction\":[{\"@type\":\"ReadAction\",\"target\":[\"https:\/\/it.nutri4fit.com\/myhlife\/product\/phyto-complete\/\"]}]},{\"@type\":\"ImageObject\",\"inLanguage\":\"it-IT\",\"@id\":\"https:\/\/it.nutri4fit.com\/myhlife\/product\/phyto-complete\/#primaryimage\",\"url\":\"https:\/\/it.nutri4fit.com\/myhlife\/wp-content\/uploads\/sites\/10\/2024\/09\/phyto.jpeg\",\"contentUrl\":\"https:\/\/it.nutri4fit.com\/myhlife\/wp-content\/uploads\/sites\/10\/2024\/09\/phyto.jpeg\",\"width\":800,\"height\":800,\"caption\":\"infuso\"},{\"@type\":\"BreadcrumbList\",\"@id\":\"https:\/\/it.nutri4fit.com\/myhlife\/product\/phyto-complete\/#breadcrumb\",\"itemListElement\":[{\"@type\":\"ListItem\",\"position\":1,\"name\":\"Home\",\"item\":\"https:\/\/it.nutri4fit.com\/myhlife\/\"},{\"@type\":\"ListItem\",\"position\":2,\"name\":\"Shop\",\"item\":\"https:\/\/it.nutri4fit.com\/myhlife\/shop\/\"},{\"@type\":\"ListItem\",\"position\":3,\"name\":\"Phyto Complete\"}]},{\"@type\":\"WebSite\",\"@id\":\"https:\/\/it.nutri4fit.com\/myhlife\/#website\",\"url\":\"https:\/\/it.nutri4fit.com\/myhlife\/\",\"name\":\"My Hlife\",\"description\":\"\",\"publisher\":{\"@id\":\"https:\/\/it.nutri4fit.com\/myhlife\/#organization\"},\"potentialAction\":[{\"@type\":\"SearchAction\",\"target\":{\"@type\":\"EntryPoint\",\"urlTemplate\":\"https:\/\/it.nutri4fit.com\/myhlife\/?s={search_term_string}\"},\"query-input\":{\"@type\":\"PropertyValueSpecification\",\"valueRequired\":true,\"valueName\":\"search_term_string\"}}],\"inLanguage\":\"it-IT\"},{\"@type\":\"Organization\",\"@id\":\"https:\/\/it.nutri4fit.com\/myhlife\/#organization\",\"name\":\"Nutri4fit.com - My Hlife\",\"url\":\"https:\/\/it.nutri4fit.com\/myhlife\/\",\"logo\":{\"@type\":\"ImageObject\",\"inLanguage\":\"it-IT\",\"@id\":\"https:\/\/it.nutri4fit.com\/myhlife\/#\/schema\/logo\/image\/\",\"url\":\"https:\/\/it.nutri4fit.com\/myhlife\/wp-content\/uploads\/sites\/10\/2026\/01\/logoNutri4Fit.png\",\"contentUrl\":\"https:\/\/it.nutri4fit.com\/myhlife\/wp-content\/uploads\/sites\/10\/2026\/01\/logoNutri4Fit.png\",\"width\":500,\"height\":500,\"caption\":\"Nutri4fit.com - My Hlife\"},\"image\":{\"@id\":\"https:\/\/it.nutri4fit.com\/myhlife\/#\/schema\/logo\/image\/\"},\"sameAs\":[\"https:\/\/www.instagram.com\/nutri4fit_myhlife_it\/\"]}]}<\/script>\n<!-- \/ Yoast SEO Premium plugin. -->","yoast_head_json":{"title":"Phyto Complete - My Hlife","robots":{"index":"index","follow":"follow","max-snippet":"max-snippet:-1","max-image-preview":"max-image-preview:large","max-video-preview":"max-video-preview:-1"},"canonical":"https:\/\/it.nutri4fit.com\/myhlife\/product\/phyto-complete\/","og_locale":"it_IT","og_type":"article","og_title":"Phyto Complete","og_description":"Ingredienti","og_url":"https:\/\/it.nutri4fit.com\/myhlife\/product\/phyto-complete\/","og_site_name":"My Hlife","article_modified_time":"2025-12-09T14:56:27+00:00","og_image":[{"width":800,"height":800,"url":"https:\/\/it.nutri4fit.com\/myhlife\/wp-content\/uploads\/sites\/10\/2024\/09\/phyto.jpeg","type":"image\/jpeg"}],"twitter_card":"summary_large_image","twitter_misc":{"Tempo di lettura stimato":"2 minuti"},"schema":{"@context":"https:\/\/schema.org","@graph":[{"@type":"WebPage","@id":"https:\/\/it.nutri4fit.com\/myhlife\/product\/phyto-complete\/","url":"https:\/\/it.nutri4fit.com\/myhlife\/product\/phyto-complete\/","name":"Phyto Complete - My Hlife","isPartOf":{"@id":"https:\/\/it.nutri4fit.com\/myhlife\/#website"},"primaryImageOfPage":{"@id":"https:\/\/it.nutri4fit.com\/myhlife\/product\/phyto-complete\/#primaryimage"},"image":{"@id":"https:\/\/it.nutri4fit.com\/myhlife\/product\/phyto-complete\/#primaryimage"},"thumbnailUrl":"https:\/\/it.nutri4fit.com\/myhlife\/wp-content\/uploads\/sites\/10\/2024\/09\/phyto.jpeg","datePublished":"2024-09-09T14:22:01+00:00","dateModified":"2025-12-09T14:56:27+00:00","breadcrumb":{"@id":"https:\/\/it.nutri4fit.com\/myhlife\/product\/phyto-complete\/#breadcrumb"},"inLanguage":"it-IT","potentialAction":[{"@type":"ReadAction","target":["https:\/\/it.nutri4fit.com\/myhlife\/product\/phyto-complete\/"]}]},{"@type":"ImageObject","inLanguage":"it-IT","@id":"https:\/\/it.nutri4fit.com\/myhlife\/product\/phyto-complete\/#primaryimage","url":"https:\/\/it.nutri4fit.com\/myhlife\/wp-content\/uploads\/sites\/10\/2024\/09\/phyto.jpeg","contentUrl":"https:\/\/it.nutri4fit.com\/myhlife\/wp-content\/uploads\/sites\/10\/2024\/09\/phyto.jpeg","width":800,"height":800,"caption":"infuso"},{"@type":"BreadcrumbList","@id":"https:\/\/it.nutri4fit.com\/myhlife\/product\/phyto-complete\/#breadcrumb","itemListElement":[{"@type":"ListItem","position":1,"name":"Home","item":"https:\/\/it.nutri4fit.com\/myhlife\/"},{"@type":"ListItem","position":2,"name":"Shop","item":"https:\/\/it.nutri4fit.com\/myhlife\/shop\/"},{"@type":"ListItem","position":3,"name":"Phyto Complete"}]},{"@type":"WebSite","@id":"https:\/\/it.nutri4fit.com\/myhlife\/#website","url":"https:\/\/it.nutri4fit.com\/myhlife\/","name":"My Hlife","description":"","publisher":{"@id":"https:\/\/it.nutri4fit.com\/myhlife\/#organization"},"potentialAction":[{"@type":"SearchAction","target":{"@type":"EntryPoint","urlTemplate":"https:\/\/it.nutri4fit.com\/myhlife\/?s={search_term_string}"},"query-input":{"@type":"PropertyValueSpecification","valueRequired":true,"valueName":"search_term_string"}}],"inLanguage":"it-IT"},{"@type":"Organization","@id":"https:\/\/it.nutri4fit.com\/myhlife\/#organization","name":"Nutri4fit.com - My Hlife","url":"https:\/\/it.nutri4fit.com\/myhlife\/","logo":{"@type":"ImageObject","inLanguage":"it-IT","@id":"https:\/\/it.nutri4fit.com\/myhlife\/#\/schema\/logo\/image\/","url":"https:\/\/it.nutri4fit.com\/myhlife\/wp-content\/uploads\/sites\/10\/2026\/01\/logoNutri4Fit.png","contentUrl":"https:\/\/it.nutri4fit.com\/myhlife\/wp-content\/uploads\/sites\/10\/2026\/01\/logoNutri4Fit.png","width":500,"height":500,"caption":"Nutri4fit.com - My Hlife"},"image":{"@id":"https:\/\/it.nutri4fit.com\/myhlife\/#\/schema\/logo\/image\/"},"sameAs":["https:\/\/www.instagram.com\/nutri4fit_myhlife_it\/"]}]}},"jetpack_publicize_connections":[],"jetpack_sharing_enabled":true,"_links":{"self":[{"href":"https:\/\/it.nutri4fit.com\/myhlife\/wp-json\/wp\/v2\/product\/571","targetHints":{"allow":["GET"]}}],"collection":[{"href":"https:\/\/it.nutri4fit.com\/myhlife\/wp-json\/wp\/v2\/product"}],"about":[{"href":"https:\/\/it.nutri4fit.com\/myhlife\/wp-json\/wp\/v2\/types\/product"}],"replies":[{"embeddable":true,"href":"https:\/\/it.nutri4fit.com\/myhlife\/wp-json\/wp\/v2\/comments?post=571"}],"wp:featuredmedia":[{"embeddable":true,"href":"https:\/\/it.nutri4fit.com\/myhlife\/wp-json\/wp\/v2\/media\/572"}],"wp:attachment":[{"href":"https:\/\/it.nutri4fit.com\/myhlife\/wp-json\/wp\/v2\/media?parent=571"}],"wp:term":[{"taxonomy":"product_brand","embeddable":true,"href":"https:\/\/it.nutri4fit.com\/myhlife\/wp-json\/wp\/v2\/product_brand?post=571"},{"taxonomy":"product_cat","embeddable":true,"href":"https:\/\/it.nutri4fit.com\/myhlife\/wp-json\/wp\/v2\/product_cat?post=571"},{"taxonomy":"product_tag","embeddable":true,"href":"https:\/\/it.nutri4fit.com\/myhlife\/wp-json\/wp\/v2\/product_tag?post=571"}],"curies":[{"name":"wp","href":"https:\/\/api.w.org\/{rel}","templated":true}]}}